{"id":734,"date":"2015-12-01T08:55:35","date_gmt":"2015-12-01T11:55:35","guid":{"rendered":"http:\/\/lade-oia.draconis.ufms.br\/?page_id=734"},"modified":"2019-05-08T18:12:03","modified_gmt":"2019-05-08T22:12:03","slug":"abnt-nbr-isoiec-17020","status":"publish","type":"page","link":"https:\/\/lade.ufms.br\/en\/abnt-nbr-isoiec-17020\/","title":{"rendered":"ABNT NBR ISO\/IEC 17020"},"content":{"rendered":"<p style=\"text-align: justify\">O certificado de acredita\u00e7\u00e3o de Organismos de Inspe\u00e7\u00e3o \u00e9 fornecido com base em requisitos estabelecidos na norma <strong><em>ABNT NBR ISO\/IEC 17020:2012<\/em><\/strong>, para um determinado escopo, conforme o tipo de inspe\u00e7\u00e3o, crit\u00e9rios de aprova\u00e7\u00e3o e tipo de produto inspecionado.<\/p>\n<p style=\"text-align: justify\">O LADE-OIA em processo\u00a0de acredita\u00e7\u00e3o\u00a0para avaliar a efici\u00eancia energ\u00e9tica de edif\u00edcios para comprovar a conformidade com as prescri\u00e7\u00f5es do <strong><em>Regulamento T\u00e9cnico da Qualidade para Efici\u00eancia Energ\u00e9tica de Edif\u00edcios Comerciais, de Servi\u00e7os e P\u00fablicos (RTQ-C)<\/em><\/strong> e dos <strong><em>Requisitos de Avalia\u00e7\u00e3o da Conformidade do N\u00edvel de Efici\u00eancia Energ\u00e9tica para Edif\u00edcios Comerciais, de Servi\u00e7os e P\u00fablicos (RAC-C)<\/em><\/strong>.<\/p>\n<p style=\"text-align: justify\">Este processo tem como finalidade a emiss\u00e3o de uma <strong><em>Etiqueta Nacional de Conserva\u00e7\u00e3o de Energia (ENCE)<\/em><\/strong>, atestando o n\u00edvel de efici\u00eancia energ\u00e9tica do projeto de edifica\u00e7\u00f5es destinadas a atividades comerciais, de servi\u00e7os ou p\u00fablicos. Os crit\u00e9rios espec\u00edficos para acredita\u00e7\u00e3o de organismos desta natureza constam na norma de <strong><em>Crit\u00e9rios Espec\u00edficos para a Acredita\u00e7\u00e3o de Organismo de Inspe\u00e7\u00e3o (NIT-DIOIS-019)<\/em><\/strong>.<\/p>\n","protected":false},"excerpt":{"rendered":"<p>O certificado de acredita\u00e7\u00e3o de Organismos de Inspe\u00e7\u00e3o \u00e9 fornecido com base em requisitos estabelecidos na norma ABNT NBR ISO\/IEC 17020:2012, para um determinado escopo, conforme o tipo de inspe\u00e7\u00e3o, crit\u00e9rios de aprova\u00e7\u00e3o e tipo de produto inspecionado. O LADE-OIA em processo\u00a0de acredita\u00e7\u00e3o\u00a0para avaliar a efici\u00eancia energ\u00e9tica de edif\u00edcios para comprovar a conformidade com as [&hellip;]<\/p>\n","protected":false},"author":2933,"featured_media":732,"parent":0,"menu_order":0,"comment_status":"closed","ping_status":"closed","template":"page-templates\/page-coordenadorias.php","meta":{"footnotes":""},"coauthors":[],"class_list":["post-734","page","type-page","status-publish","has-post-thumbnail","hentry"],"_links":{"self":[{"href":"https:\/\/lade.ufms.br\/en\/wp-json\/wp\/v2\/pages\/734","targetHints":{"allow":["GET"]}}],"collection":[{"href":"https:\/\/lade.ufms.br\/en\/wp-json\/wp\/v2\/pages"}],"about":[{"href":"https:\/\/lade.ufms.br\/en\/wp-json\/wp\/v2\/types\/page"}],"author":[{"embeddable":true,"href":"https:\/\/lade.ufms.br\/en\/wp-json\/wp\/v2\/users\/2933"}],"replies":[{"embeddable":true,"href":"https:\/\/lade.ufms.br\/en\/wp-json\/wp\/v2\/comments?post=734"}],"version-history":[{"count":3,"href":"https:\/\/lade.ufms.br\/en\/wp-json\/wp\/v2\/pages\/734\/revisions"}],"predecessor-version":[{"id":790,"href":"https:\/\/lade.ufms.br\/en\/wp-json\/wp\/v2\/pages\/734\/revisions\/790"}],"wp:featuredmedia":[{"embeddable":true,"href":"https:\/\/lade.ufms.br\/en\/wp-json\/wp\/v2\/media\/732"}],"wp:attachment":[{"href":"https:\/\/lade.ufms.br\/en\/wp-json\/wp\/v2\/media?parent=734"}],"wp:term":[{"taxonomy":"author","embeddable":true,"href":"https:\/\/lade.ufms.br\/en\/wp-json\/wp\/v2\/coauthors?post=734"}],"curies":[{"name":"wp","href":"https:\/\/api.w.org\/{rel}","templated":true}]}}