{"id":532,"date":"2014-11-11T10:11:34","date_gmt":"2014-11-11T13:11:34","guid":{"rendered":"http:\/\/lade-oia.draconis.ufms.br\/?page_id=532"},"modified":"2019-05-08T18:15:01","modified_gmt":"2019-05-08T22:15:01","slug":"sobre-o-lade","status":"publish","type":"page","link":"https:\/\/lade.ufms.br\/en\/sobre-o-lade\/","title":{"rendered":"Sobre"},"content":{"rendered":"<p style=\"text-align: justify\">As Centrais El\u00e9tricas Brasileiras S.A. \u2014 ELETROBRAS, Secretaria Executiva do Programa Nacional de Conserva\u00e7\u00e3o de Energia El\u00e9trica \u2014 PROCEL, concederam ao Laborat\u00f3rio de An\u00e1lise e Desenvolvimento de Edifica\u00e7\u00f5es da Universidade Federal de Mato Grosso do Sul (UFMS) o t\u00edtulo de Membro Fundador da Rede de Efici\u00eancia Energ\u00e9tica em Edifica\u00e7\u00f5es \u2014 Rede EEE, no \u00e2mbito do Procel EDIFICA, no dia 10 de outubro de 2007.<\/p>\n<p style=\"text-align: justify\">A capacita\u00e7\u00e3o deste laborat\u00f3rio \u00e9 resultado do programa de a\u00e7\u00f5es de conserva\u00e7\u00e3o e uso eficiente de energia el\u00e9trica em edifica\u00e7\u00f5es executado pelo Departamento de Projetos de Efici\u00eancia Energ\u00e9tica da ELETROBRAS.<\/p>\n<p style=\"text-align: justify\">Este laborat\u00f3rio \u00e9 fruto do trabalho conjunto das equipes do LADE UFMS e da ELETROBRAS.<\/p>\n<p>&nbsp;<\/p>\n\n\t\t<style type=\"text\/css\">\n\t\t\t#gallery-1 {\n\t\t\t\tmargin: auto;\n\t\t\t}\n\t\t\t#gallery-1 .gallery-item {\n\t\t\t\tfloat: left;\n\t\t\t\tmargin-top: 10px;\n\t\t\t\ttext-align: center;\n\t\t\t\twidth: 50%;\n\t\t\t}\n\t\t\t#gallery-1 img {\n\t\t\t\tborder: 2px solid #cfcfcf;\n\t\t\t}\n\t\t\t#gallery-1 .gallery-caption {\n\t\t\t\tmargin-left: 0;\n\t\t\t}\n\t\t\t\/* see gallery_shortcode() in wp-includes\/media.php *\/\n\t\t<\/style>\n\t\t<div id='gallery-1' class='gallery galleryid-532 gallery-columns-2 gallery-size-thumbnail'><dl class='gallery-item'>\n\t\t\t<dt class='gallery-icon landscape'>\n\t\t\t\t<a href='https:\/\/lade.ufms.br\/files\/2014\/11\/T\u00edtulo-LADE.jpg'><img decoding=\"async\" width=\"150\" height=\"150\" src=\"https:\/\/lade.ufms.br\/files\/2014\/11\/T\u00edtulo-LADE-150x150.jpg\" class=\"attachment-thumbnail size-thumbnail\" alt=\"\" \/><\/a>\n\t\t\t<\/dt><\/dl><dl class='gallery-item'>\n\t\t\t<dt class='gallery-icon landscape'>\n\t\t\t\t<a href='https:\/\/lade.ufms.br\/files\/2014\/11\/Capacita\u00e7\u00e3o-do-Laborat\u00f3rio-de-An\u00e1lise-e-Desenvolvimento-de-Edifica\u00e7\u00f5es-UFMS.jpg'><img decoding=\"async\" width=\"150\" height=\"150\" src=\"https:\/\/lade.ufms.br\/files\/2014\/11\/Capacita\u00e7\u00e3o-do-Laborat\u00f3rio-de-An\u00e1lise-e-Desenvolvimento-de-Edifica\u00e7\u00f5es-UFMS-150x150.jpg\" class=\"attachment-thumbnail size-thumbnail\" alt=\"\" \/><\/a>\n\t\t\t<\/dt><\/dl><br style=\"clear: both\" \/>\n\t\t<\/div>\n\n","protected":false},"excerpt":{"rendered":"<p>As Centrais El\u00e9tricas Brasileiras S.A. \u2014 ELETROBRAS, Secretaria Executiva do Programa Nacional de Conserva\u00e7\u00e3o de Energia El\u00e9trica \u2014 PROCEL, concederam ao Laborat\u00f3rio de An\u00e1lise e Desenvolvimento de Edifica\u00e7\u00f5es da Universidade Federal de Mato Grosso do Sul (UFMS) o t\u00edtulo de Membro Fundador da Rede de Efici\u00eancia Energ\u00e9tica em Edifica\u00e7\u00f5es \u2014 Rede EEE, no \u00e2mbito do [&hellip;]<\/p>\n","protected":false},"author":1663,"featured_media":0,"parent":0,"menu_order":0,"comment_status":"closed","ping_status":"open","template":"","meta":{"footnotes":""},"coauthors":[],"class_list":["post-532","page","type-page","status-publish","hentry"],"_links":{"self":[{"href":"https:\/\/lade.ufms.br\/en\/wp-json\/wp\/v2\/pages\/532","targetHints":{"allow":["GET"]}}],"collection":[{"href":"https:\/\/lade.ufms.br\/en\/wp-json\/wp\/v2\/pages"}],"about":[{"href":"https:\/\/lade.ufms.br\/en\/wp-json\/wp\/v2\/types\/page"}],"author":[{"embeddable":true,"href":"https:\/\/lade.ufms.br\/en\/wp-json\/wp\/v2\/users\/1663"}],"replies":[{"embeddable":true,"href":"https:\/\/lade.ufms.br\/en\/wp-json\/wp\/v2\/comments?post=532"}],"version-history":[{"count":15,"href":"https:\/\/lade.ufms.br\/en\/wp-json\/wp\/v2\/pages\/532\/revisions"}],"predecessor-version":[{"id":1325,"href":"https:\/\/lade.ufms.br\/en\/wp-json\/wp\/v2\/pages\/532\/revisions\/1325"}],"wp:attachment":[{"href":"https:\/\/lade.ufms.br\/en\/wp-json\/wp\/v2\/media?parent=532"}],"wp:term":[{"taxonomy":"author","embeddable":true,"href":"https:\/\/lade.ufms.br\/en\/wp-json\/wp\/v2\/coauthors?post=532"}],"curies":[{"name":"wp","href":"https:\/\/api.w.org\/{rel}","templated":true}]}}