{"id":389,"date":"2014-10-31T14:54:10","date_gmt":"2014-10-31T14:54:10","guid":{"rendered":"http:\/\/lade-oia.draconis.ufms.br\/?page_id=389"},"modified":"2019-05-08T18:09:46","modified_gmt":"2019-05-08T22:09:46","slug":"equipamentos-adquiridos","status":"publish","type":"page","link":"https:\/\/lade.ufms.br\/en\/estrutura\/equipamentos-adquiridos\/","title":{"rendered":"Equipamentos"},"content":{"rendered":"\n\t\t<style type=\"text\/css\">\n\t\t\t#gallery-1 {\n\t\t\t\tmargin: auto;\n\t\t\t}\n\t\t\t#gallery-1 .gallery-item {\n\t\t\t\tfloat: left;\n\t\t\t\tmargin-top: 10px;\n\t\t\t\ttext-align: center;\n\t\t\t\twidth: 33%;\n\t\t\t}\n\t\t\t#gallery-1 img {\n\t\t\t\tborder: 2px solid #cfcfcf;\n\t\t\t}\n\t\t\t#gallery-1 .gallery-caption {\n\t\t\t\tmargin-left: 0;\n\t\t\t}\n\t\t\t\/* see gallery_shortcode() in wp-includes\/media.php *\/\n\t\t<\/style>\n\t\t<div id='gallery-1' class='gallery galleryid-389 gallery-columns-3 gallery-size-thumbnail'><dl class='gallery-item'>\n\t\t\t<dt class='gallery-icon portrait'>\n\t\t\t\t<a href='https:\/\/lade.ufms.br\/en\/estrutura\/equipamentos-adquiridos\/datalogger-li-250a-fabricado-pela-li-cor-biosciences-incorporation\/'><img decoding=\"async\" width=\"150\" height=\"150\" src=\"https:\/\/lade.ufms.br\/files\/2014\/10\/Datalogger-LI-250A-fabricado-pela-LI-COR-Biosciences-Incorporation.-150x150.jpg\" class=\"attachment-thumbnail size-thumbnail\" alt=\"\" aria-describedby=\"gallery-1-381\" \/><\/a>\n\t\t\t<\/dt>\n\t\t\t\t<dd class='wp-caption-text gallery-caption' id='gallery-1-381'>\n\t\t\t\tDatalogger LI-250A, fabricado pela LI-COR Biosciences Incorporation.\n\t\t\t\t<\/dd><\/dl><dl class='gallery-item'>\n\t\t\t<dt class='gallery-icon portrait'>\n\t\t\t\t<a href='https:\/\/lade.ufms.br\/en\/estrutura\/equipamentos-adquiridos\/termometro-laser-modelo\/'><img decoding=\"async\" width=\"150\" height=\"150\" src=\"https:\/\/lade.ufms.br\/files\/2014\/10\/Term\u00f4metro-laser-modelo-150x150.jpg\" class=\"attachment-thumbnail size-thumbnail\" alt=\"\" aria-describedby=\"gallery-1-363\" \/><\/a>\n\t\t\t<\/dt>\n\t\t\t\t<dd class='wp-caption-text gallery-caption' id='gallery-1-363'>\n\t\t\t\tTerm\u00f4metro laser modelo.\n\t\t\t\t<\/dd><\/dl><dl class='gallery-item'>\n\t\t\t<dt class='gallery-icon landscape'>\n\t\t\t\t<a href='https:\/\/lade.ufms.br\/en\/estrutura\/equipamentos-adquiridos\/sensor-fotometrico-li-210-fabricado-pela-li-cor-biosciences-incorporation\/'><img decoding=\"async\" width=\"150\" height=\"150\" src=\"https:\/\/lade.ufms.br\/files\/2014\/10\/Sensor-fotom\u00e9trico-LI-210-fabricado-pela-LI-COR-Biosciences-Incorporation-150x150.jpg\" class=\"attachment-thumbnail size-thumbnail\" alt=\"\" aria-describedby=\"gallery-1-368\" \/><\/a>\n\t\t\t<\/dt>\n\t\t\t\t<dd class='wp-caption-text gallery-caption' id='gallery-1-368'>\n\t\t\t\tSensor fotom\u00e9trico LI-210 fabricado pela LI-COR Biosciences Incorporation.\n\t\t\t\t<\/dd><\/dl><br style=\"clear: both\" \/><dl class='gallery-item'>\n\t\t\t<dt class='gallery-icon portrait'>\n\t\t\t\t<a href='https:\/\/lade.ufms.br\/en\/estrutura\/equipamentos-adquiridos\/estacao-meteorologica-fabricada-pela-onset-computer-corporation\/'><img loading=\"lazy\" decoding=\"async\" width=\"150\" height=\"150\" src=\"https:\/\/lade.ufms.br\/files\/2014\/10\/Esta\u00e7\u00e3o-meteorol\u00f3gica-fabricada-pela-Onset-Computer-Corporation-150x150.jpg\" class=\"attachment-thumbnail size-thumbnail\" alt=\"\" aria-describedby=\"gallery-1-377\" \/><\/a>\n\t\t\t<\/dt>\n\t\t\t\t<dd class='wp-caption-text gallery-caption' id='gallery-1-377'>\n\t\t\t\tEsta\u00e7\u00e3o meteorol\u00f3gica fabricada pela Onset Computer Corporation.\n\t\t\t\t<\/dd><\/dl><dl class='gallery-item'>\n\t\t\t<dt class='gallery-icon portrait'>\n\t\t\t\t<a href='https:\/\/lade.ufms.br\/en\/estrutura\/equipamentos-adquiridos\/datalogger-li-1400-fabricado-pela-li-cor-biosciences-incorporation\/'><img loading=\"lazy\" decoding=\"async\" width=\"150\" height=\"150\" src=\"https:\/\/lade.ufms.br\/files\/2014\/10\/Datalogger-LI-1400-fabricado-pela-LI-COR-Biosciences-Incorporation-150x150.jpg\" class=\"attachment-thumbnail size-thumbnail\" alt=\"\" aria-describedby=\"gallery-1-380\" \/><\/a>\n\t\t\t<\/dt>\n\t\t\t\t<dd class='wp-caption-text gallery-caption' id='gallery-1-380'>\n\t\t\t\tDatalogger LI-1400, fabricado pela LI-COR Biosciences Incorporation.\n\t\t\t\t<\/dd><\/dl><dl class='gallery-item'>\n\t\t\t<dt class='gallery-icon portrait'>\n\t\t\t\t<a href='https:\/\/lade.ufms.br\/en\/estrutura\/equipamentos-adquiridos\/termo-anemometro-digital-portatil-modelo-tavr-650-fabricado-pela-impac-comercial-e-tecnologia-ltda\/'><img loading=\"lazy\" decoding=\"async\" width=\"150\" height=\"150\" src=\"https:\/\/lade.ufms.br\/files\/2014\/10\/Termo-anem\u00f4metro-digital-port\u00e1til-modelo-TAVR-650-fabricado-pela-Impac-Comercial-e-Tecnologia-Ltda.-150x150.jpg\" class=\"attachment-thumbnail size-thumbnail\" alt=\"\" aria-describedby=\"gallery-1-365\" \/><\/a>\n\t\t\t<\/dt>\n\t\t\t\t<dd class='wp-caption-text gallery-caption' id='gallery-1-365'>\n\t\t\t\tTermo-anem\u00f4metro digital port\u00e1til, modelo TAVR-650, fabricado pela Impac Comercial e Tecnologia Ltda.\n\t\t\t\t<\/dd><\/dl><br style=\"clear: both\" \/><dl class='gallery-item'>\n\t\t\t<dt class='gallery-icon portrait'>\n\t\t\t\t<a href='https:\/\/lade.ufms.br\/en\/estrutura\/equipamentos-adquiridos\/multimetro-digital-modelo-et-2507-fabricado-pela-minipa-industria-e-comercio-ltda\/'><img loading=\"lazy\" decoding=\"async\" width=\"89\" height=\"150\" src=\"https:\/\/lade.ufms.br\/files\/2014\/10\/Mult\u00edmetro-digital-modelo-ET-2507-fabricado-pela-Minipa-Industria-e-Com\u00e9rcio-Ltda.-89x150.jpg\" class=\"attachment-thumbnail size-thumbnail\" alt=\"\" aria-describedby=\"gallery-1-371\" \/><\/a>\n\t\t\t<\/dt>\n\t\t\t\t<dd class='wp-caption-text gallery-caption' id='gallery-1-371'>\n\t\t\t\tMult\u00edmetro digital modelo ET-2507 fabricado pela Minipa Industria e Com\u00e9rcio Ltda.\n\t\t\t\t<\/dd><\/dl><dl class='gallery-item'>\n\t\t\t<dt class='gallery-icon portrait'>\n\t\t\t\t<a href='https:\/\/lade.ufms.br\/en\/estrutura\/equipamentos-adquiridos\/anemometro-de-fio-quente-modelo-tafr-180-fabricado-pela-instrutherm-instrumentos-de-medicao-ltda\/'><img loading=\"lazy\" decoding=\"async\" width=\"150\" height=\"150\" src=\"https:\/\/lade.ufms.br\/files\/2014\/10\/Anem\u00f4metro-de-fio-quente-modelo-TAFR-180-fabricado-pela-Instrutherm-Instrumentos-de-Medi\u00e7\u00e3o-Ltda.-150x150.jpg\" class=\"attachment-thumbnail size-thumbnail\" alt=\"\" aria-describedby=\"gallery-1-382\" \/><\/a>\n\t\t\t<\/dt>\n\t\t\t\t<dd class='wp-caption-text gallery-caption' id='gallery-1-382'>\n\t\t\t\tAnem\u00f4metro de fio quente modelo TAFR-180 fabricado pela Instrutherm Instrumentos de Medi\u00e7\u00e3o Ltda.\n\t\t\t\t<\/dd><\/dl><dl class='gallery-item'>\n\t\t\t<dt class='gallery-icon landscape'>\n\t\t\t\t<a href='https:\/\/lade.ufms.br\/en\/estrutura\/equipamentos-adquiridos\/sensores-para-utilizacao-em-ambiente-interno-de-umidade-relativa-temperatura-e-intensidade-luminosa-fabricado-pela-onset-computer-corporation-2\/'><img loading=\"lazy\" decoding=\"async\" width=\"150\" height=\"150\" src=\"https:\/\/lade.ufms.br\/files\/2014\/10\/Sensores-para-utiliza\u00e7\u00e3o-em-ambiente-interno-de-umidade-relativa-temperatura-e-intensidade-luminosa-fabricado-pela-Onset-Computer-Corporation-2-150x150.jpg\" class=\"attachment-thumbnail size-thumbnail\" alt=\"\" aria-describedby=\"gallery-1-464\" srcset=\"https:\/\/lade.ufms.br\/files\/2014\/10\/Sensores-para-utiliza\u00e7\u00e3o-em-ambiente-interno-de-umidade-relativa-temperatura-e-intensidade-luminosa-fabricado-pela-Onset-Computer-Corporation-2-150x150.jpg 150w, https:\/\/lade.ufms.br\/files\/2014\/10\/Sensores-para-utiliza\u00e7\u00e3o-em-ambiente-interno-de-umidade-relativa-temperatura-e-intensidade-luminosa-fabricado-pela-Onset-Computer-Corporation-2-300x300.jpg 300w, https:\/\/lade.ufms.br\/files\/2014\/10\/Sensores-para-utiliza\u00e7\u00e3o-em-ambiente-interno-de-umidade-relativa-temperatura-e-intensidade-luminosa-fabricado-pela-Onset-Computer-Corporation-2-320x320.jpg 320w, https:\/\/lade.ufms.br\/files\/2014\/10\/Sensores-para-utiliza\u00e7\u00e3o-em-ambiente-interno-de-umidade-relativa-temperatura-e-intensidade-luminosa-fabricado-pela-Onset-Computer-Corporation-2.jpg 415w\" sizes=\"(max-width: 150px) 100vw, 150px\" \/><\/a>\n\t\t\t<\/dt>\n\t\t\t\t<dd class='wp-caption-text gallery-caption' id='gallery-1-464'>\n\t\t\t\tSensores para utiliza\u00e7\u00e3o em ambiente interno, de umidade relativa, temperatura e intensidade luminosa, fabricado pela Onset Computer Corporation. \n\t\t\t\t<\/dd><\/dl><br style=\"clear: both\" \/><dl class='gallery-item'>\n\t\t\t<dt class='gallery-icon landscape'>\n\t\t\t\t<a href='https:\/\/lade.ufms.br\/en\/estrutura\/equipamentos-adquiridos\/sensor-para-utilizacao-em-ambiente-externo-de-temperatura-e-umidade-relativa-fabricado-pela-onset-computer-corporation\/'><img loading=\"lazy\" decoding=\"async\" width=\"111\" height=\"89\" src=\"https:\/\/lade.ufms.br\/files\/2014\/10\/Sensor-para-utiliza\u00e7\u00e3o-em-ambiente-externo-de-temperatura-e-umidade-relativa-fabricado-pela-Onset-Computer-Corporation-.-e1415197780480.jpg\" class=\"attachment-thumbnail size-thumbnail\" alt=\"\" aria-describedby=\"gallery-1-367\" \/><\/a>\n\t\t\t<\/dt>\n\t\t\t\t<dd class='wp-caption-text gallery-caption' id='gallery-1-367'>\n\t\t\t\tSensor para utiliza\u00e7\u00e3o em ambiente externo, de temperatura e umidade relativa, fabricado pela Onset Computer Corporation .\n\t\t\t\t<\/dd><\/dl><dl class='gallery-item'>\n\t\t\t<dt class='gallery-icon landscape'>\n\t\t\t\t<a href='https:\/\/lade.ufms.br\/en\/estrutura\/equipamentos-adquiridos\/piranometro-modelo-li-200-fabricado-pela-li-cor-biosciences-incorporation\/'><img loading=\"lazy\" decoding=\"async\" width=\"150\" height=\"150\" src=\"https:\/\/lade.ufms.br\/files\/2014\/10\/Piran\u00f4metro-modelo-LI-200-fabricado-pela-LI-COR-Biosciences-Incorporation-150x150.jpg\" class=\"attachment-thumbnail size-thumbnail\" alt=\"\" aria-describedby=\"gallery-1-369\" \/><\/a>\n\t\t\t<\/dt>\n\t\t\t\t<dd class='wp-caption-text gallery-caption' id='gallery-1-369'>\n\t\t\t\tPiran\u00f4metro modelo LI-200 fabricado pela LI-COR Biosciences Incorporation.\n\t\t\t\t<\/dd><\/dl><dl class='gallery-item'>\n\t\t\t<dt class='gallery-icon landscape'>\n\t\t\t\t<a href='https:\/\/lade.ufms.br\/en\/estrutura\/equipamentos-adquiridos\/ls-100-osciloscopio-analogico-tempo-real-modelo-os-9030-30mhz-fabricado-pela-unisource-corporation-2\/'><img loading=\"lazy\" decoding=\"async\" width=\"145\" height=\"97\" src=\"https:\/\/lade.ufms.br\/files\/2014\/10\/LS-100-Oscilosc\u00f3pio-anal\u00f3gico-tempo-real-modelo-OS-9030-30Mhz-fabricado-pela-Unisource-Corporation-2.jpg\" class=\"attachment-thumbnail size-thumbnail\" alt=\"\" aria-describedby=\"gallery-1-390\" \/><\/a>\n\t\t\t<\/dt>\n\t\t\t\t<dd class='wp-caption-text gallery-caption' id='gallery-1-390'>\n\t\t\t\t(LS-100) Oscilosc\u00f3pio anal\u00f3gico &#8211; tempo real &#8211; modelo OS-9030 (30Mhz) fabricado pela Unisource Corporation.\n\t\t\t\t<\/dd><\/dl><br style=\"clear: both\" \/><dl class='gallery-item'>\n\t\t\t<dt class='gallery-icon landscape'>\n\t\t\t\t<a href='https:\/\/lade.ufms.br\/en\/estrutura\/equipamentos-adquiridos\/hobo-shuttle-fabricado-pela-onset-computer-corporation-2\/'><img loading=\"lazy\" decoding=\"async\" width=\"150\" height=\"150\" src=\"https:\/\/lade.ufms.br\/files\/2014\/10\/Hobo-Shuttle-fabricado-pela-Onset-Computer-Corporation-150x150.jpg\" class=\"attachment-thumbnail size-thumbnail\" alt=\"\" aria-describedby=\"gallery-1-465\" srcset=\"https:\/\/lade.ufms.br\/files\/2014\/10\/Hobo-Shuttle-fabricado-pela-Onset-Computer-Corporation-150x150.jpg 150w, https:\/\/lade.ufms.br\/files\/2014\/10\/Hobo-Shuttle-fabricado-pela-Onset-Computer-Corporation.jpg 240w\" sizes=\"(max-width: 150px) 100vw, 150px\" \/><\/a>\n\t\t\t<\/dt>\n\t\t\t\t<dd class='wp-caption-text gallery-caption' id='gallery-1-465'>\n\t\t\t\tHobo Shuttle fabricado pela Onset Computer Corporation.\n\t\t\t\t<\/dd><\/dl><dl class='gallery-item'>\n\t\t\t<dt class='gallery-icon portrait'>\n\t\t\t\t<a href='https:\/\/lade.ufms.br\/en\/estrutura\/equipamentos-adquiridos\/termometro-de-globo-modelo-tgm100-fabricado-epal-homis-controle-instrumentacao-ltda\/'><img loading=\"lazy\" decoding=\"async\" width=\"120\" height=\"150\" src=\"https:\/\/lade.ufms.br\/files\/2014\/10\/Term\u00f4metro-de-globo-modelo-TGM100-fabricado-epal-Homis-Controle-Instrumenta\u00e7\u00e3o-Ltda.-120x150.jpg\" class=\"attachment-thumbnail size-thumbnail\" alt=\"\" aria-describedby=\"gallery-1-364\" \/><\/a>\n\t\t\t<\/dt>\n\t\t\t\t<dd class='wp-caption-text gallery-caption' id='gallery-1-364'>\n\t\t\t\tTerm\u00f4metro de globo modelo TGM100 fabricado epal Homis Controle Instrumenta\u00e7\u00e3o Ltda.\n\t\t\t\t<\/dd><\/dl><dl class='gallery-item'>\n\t\t\t<dt class='gallery-icon portrait'>\n\t\t\t\t<a href='https:\/\/lade.ufms.br\/en\/estrutura\/equipamentos-adquiridos\/estacao-microclimatica-babuc-bsa14-fabricada-pela-lsi-laboratori-di-strumentazione-industriali-s-p-a-italia-com-os-softwares-bsz300-bsz302-bsz303-e-bsz304\/'><img loading=\"lazy\" decoding=\"async\" width=\"150\" height=\"150\" src=\"https:\/\/lade.ufms.br\/files\/2014\/10\/Esta\u00e7\u00e3o-microclim\u00e1tica-BABUC-BSA14-fabricada-pela-LSI-Laboratori-di-Strumentazione-Industriali-s.p.a.-It\u00e1lia-com-os-softwares-BSZ300-BSZ302-BSZ303-e-BSZ304.-150x150.jpg\" class=\"attachment-thumbnail size-thumbnail\" alt=\"\" aria-describedby=\"gallery-1-376\" \/><\/a>\n\t\t\t<\/dt>\n\t\t\t\t<dd class='wp-caption-text gallery-caption' id='gallery-1-376'>\n\t\t\t\tEsta\u00e7\u00e3o microclim\u00e1tica BABUC &#8211; BSA14, fabricada pela LSI &#8211; Laboratori di Strumentazione Industriali, s.p.a. &#8211; It\u00e1lia, com os softwares BSZ300, BSZ302, BSZ303 e BSZ304.\n\t\t\t\t<\/dd><\/dl><br style=\"clear: both\" \/><dl class='gallery-item'>\n\t\t\t<dt class='gallery-icon landscape'>\n\t\t\t\t<a href='https:\/\/lade.ufms.br\/en\/estrutura\/equipamentos-adquiridos\/luximetro-digital-modelo-mlm-1010-fabricado-pela-minipa-industria-e-comercio-ltda\/'><img loading=\"lazy\" decoding=\"async\" width=\"150\" height=\"150\" src=\"https:\/\/lade.ufms.br\/files\/2014\/10\/Lux\u00edmetro-digital-modelo-MLM-1010-fabricado-pela-Minipa-Industria-e-Com\u00e9rcio-Ltda.-150x150.jpg\" class=\"attachment-thumbnail size-thumbnail\" alt=\"\" aria-describedby=\"gallery-1-372\" \/><\/a>\n\t\t\t<\/dt>\n\t\t\t\t<dd class='wp-caption-text gallery-caption' id='gallery-1-372'>\n\t\t\t\tLux\u00edmetro digital modelo MLM-1010 fabricado pela Minipa Industria e Com\u00e9rcio Ltda.\n\t\t\t\t<\/dd><\/dl><dl class='gallery-item'>\n\t\t\t<dt class='gallery-icon landscape'>\n\t\t\t\t<a href='https:\/\/lade.ufms.br\/en\/estrutura\/equipamentos-adquiridos\/data-logger-spider-8-fabricado-pela-hmb-hottinger-baldwin-measurements-inc-inclusive-software-catmanprofessional\/'><img loading=\"lazy\" decoding=\"async\" width=\"150\" height=\"150\" src=\"https:\/\/lade.ufms.br\/files\/2014\/10\/Data-logger-Spider-8-fabricado-pela-HMB-Hottinger-Baldwin-Measurements-Inc.-inclusive-software-Catman\u00aeProfessional-150x150.jpg\" class=\"attachment-thumbnail size-thumbnail\" alt=\"\" aria-describedby=\"gallery-1-379\" \/><\/a>\n\t\t\t<\/dt>\n\t\t\t\t<dd class='wp-caption-text gallery-caption' id='gallery-1-379'>\n\t\t\t\tData-logger Spider 8 fabricado pela HMB &#8211; Hottinger Baldwin Measurements Inc. inclusive software Catman\u00aeProfessional.\n\t\t\t\t<\/dd><\/dl><dl class='gallery-item'>\n\t\t\t<dt class='gallery-icon landscape'>\n\t\t\t\t<a href='https:\/\/lade.ufms.br\/en\/estrutura\/equipamentos-adquiridos\/cl-200-colorimetro-modelo-cl-200-fabricado-pela-konica-minolta-sensing-corporation-2\/'><img loading=\"lazy\" decoding=\"async\" width=\"145\" height=\"100\" src=\"https:\/\/lade.ufms.br\/files\/2014\/10\/CL-200-Color\u00edmetro-modelo-CL-200-fabricado-pela-Konica-Minolta-Sensing-Corporation-2.jpg\" class=\"attachment-thumbnail size-thumbnail\" alt=\"\" aria-describedby=\"gallery-1-391\" \/><\/a>\n\t\t\t<\/dt>\n\t\t\t\t<dd class='wp-caption-text gallery-caption' id='gallery-1-391'>\n\t\t\t\t(CL-200) Color\u00edmetro modelo CL-200 fabricado pela Konica Minolta Sensing Corporation.\n\t\t\t\t<\/dd><\/dl><br style=\"clear: both\" \/><dl class='gallery-item'>\n\t\t\t<dt class='gallery-icon portrait'>\n\t\t\t\t<a href='https:\/\/lade.ufms.br\/en\/estrutura\/equipamentos-adquiridos\/gps-etrex-summit-fabricado-pela-garmin-international-inc\/'><img loading=\"lazy\" decoding=\"async\" width=\"100\" height=\"150\" src=\"https:\/\/lade.ufms.br\/files\/2014\/10\/GPS-eTrex-Summit-fabricado-pela-Garmin-International-Inc.-100x150.jpg\" class=\"attachment-thumbnail size-thumbnail\" alt=\"\" aria-describedby=\"gallery-1-374\" \/><\/a>\n\t\t\t<\/dt>\n\t\t\t\t<dd class='wp-caption-text gallery-caption' id='gallery-1-374'>\n\t\t\t\tGPS eTrex Summit fabricado pela Garmin International Inc.\n\t\t\t\t<\/dd><\/dl><dl class='gallery-item'>\n\t\t\t<dt class='gallery-icon portrait'>\n\t\t\t\t<a href='https:\/\/lade.ufms.br\/en\/estrutura\/equipamentos-adquiridos\/gerador-de-audio-analogico-modelo-ga-1mhz-fabricado-pela-instrutherm-instrumentos-de-medicao-ltda\/'><img loading=\"lazy\" decoding=\"async\" width=\"150\" height=\"150\" src=\"https:\/\/lade.ufms.br\/files\/2014\/10\/Gerador-de-\u00e1udio-anal\u00f3gico-modelo-GA-1Mhz-fabricado-pela-Instrutherm-Instrumentos-de-Medi\u00e7\u00e3o-Ltda-150x150.jpg\" class=\"attachment-thumbnail size-thumbnail\" alt=\"\" aria-describedby=\"gallery-1-375\" \/><\/a>\n\t\t\t<\/dt>\n\t\t\t\t<dd class='wp-caption-text gallery-caption' id='gallery-1-375'>\n\t\t\t\tGerador de \u00e1udio anal\u00f3gico modelo GA-1Mhz, fabricado pela Instrutherm Instrumentos de Medi\u00e7\u00e3o Ltda.\n\t\t\t\t<\/dd><\/dl><dl class='gallery-item'>\n\t\t\t<dt class='gallery-icon portrait'>\n\t\t\t\t<a href='https:\/\/lade.ufms.br\/en\/estrutura\/equipamentos-adquiridos\/decibelimetro-tipo-2-com-filtro-de-banda-de-oitava-e-display-em-tempo-real-marca-extech-instruments-corporation\/'><img loading=\"lazy\" decoding=\"async\" width=\"150\" height=\"150\" src=\"https:\/\/lade.ufms.br\/files\/2014\/10\/Decibel\u00edmetro-Tipo-2-com-filtro-de-banda-de-oitava-e-display-em-tempo-real-marca-Extech-Instruments-Corporation.-150x150.jpg\" class=\"attachment-thumbnail size-thumbnail\" alt=\"\" aria-describedby=\"gallery-1-378\" \/><\/a>\n\t\t\t<\/dt>\n\t\t\t\t<dd class='wp-caption-text gallery-caption' id='gallery-1-378'>\n\t\t\t\tDecibel\u00edmetro Tipo 2, com filtro de banda de oitava e display em tempo real, marca Extech Instruments Corporation.\n\t\t\t\t<\/dd><\/dl><br style=\"clear: both\" \/><dl class='gallery-item'>\n\t\t\t<dt class='gallery-icon landscape'>\n\t\t\t\t<a href='https:\/\/lade.ufms.br\/en\/estrutura\/equipamentos-adquiridos\/osciloscopio-analogico-tempo-real-modelo-os-9030-30mhz-fabricado-pela-unisource-corporation\/'><img loading=\"lazy\" decoding=\"async\" width=\"150\" height=\"113\" src=\"https:\/\/lade.ufms.br\/files\/2014\/10\/Oscilosc\u00f3pio-anal\u00f3gico-tempo-real-modelo-OS-9030-30Mhz-fabricado-pela-Unisource-Corporation.-150x113.jpg\" class=\"attachment-thumbnail size-thumbnail\" alt=\"\" aria-describedby=\"gallery-1-370\" \/><\/a>\n\t\t\t<\/dt>\n\t\t\t\t<dd class='wp-caption-text gallery-caption' id='gallery-1-370'>\n\t\t\t\tOscilosc\u00f3pio anal\u00f3gico &#8211; tempo real &#8211; modelo OS-9030 (30Mhz) fabricado pela Unisource Corporation.\n\t\t\t\t<\/dd><\/dl>\n\t\t\t<br style='clear: both' \/>\n\t\t<\/div>\n\n","protected":false},"excerpt":{"rendered":"","protected":false},"author":1663,"featured_media":0,"parent":1318,"menu_order":0,"comment_status":"closed","ping_status":"open","template":"","meta":{"footnotes":""},"coauthors":[],"class_list":["post-389","page","type-page","status-publish","hentry"],"_links":{"self":[{"href":"https:\/\/lade.ufms.br\/en\/wp-json\/wp\/v2\/pages\/389","targetHints":{"allow":["GET"]}}],"collection":[{"href":"https:\/\/lade.ufms.br\/en\/wp-json\/wp\/v2\/pages"}],"about":[{"href":"https:\/\/lade.ufms.br\/en\/wp-json\/wp\/v2\/types\/page"}],"author":[{"embeddable":true,"href":"https:\/\/lade.ufms.br\/en\/wp-json\/wp\/v2\/users\/1663"}],"replies":[{"embeddable":true,"href":"https:\/\/lade.ufms.br\/en\/wp-json\/wp\/v2\/comments?post=389"}],"version-history":[{"count":8,"href":"https:\/\/lade.ufms.br\/en\/wp-json\/wp\/v2\/pages\/389\/revisions"}],"predecessor-version":[{"id":1317,"href":"https:\/\/lade.ufms.br\/en\/wp-json\/wp\/v2\/pages\/389\/revisions\/1317"}],"up":[{"embeddable":true,"href":"https:\/\/lade.ufms.br\/en\/wp-json\/wp\/v2\/pages\/1318"}],"wp:attachment":[{"href":"https:\/\/lade.ufms.br\/en\/wp-json\/wp\/v2\/media?parent=389"}],"wp:term":[{"taxonomy":"author","embeddable":true,"href":"https:\/\/lade.ufms.br\/en\/wp-json\/wp\/v2\/coauthors?post=389"}],"curies":[{"name":"wp","href":"https:\/\/api.w.org\/{rel}","templated":true}]}}