{"id":38,"date":"2014-09-11T14:00:27","date_gmt":"2014-09-11T14:00:27","guid":{"rendered":"http:\/\/lade-oia.draconis.ufms.br\/?page_id=16"},"modified":"2025-07-04T08:21:42","modified_gmt":"2025-07-04T12:21:42","slug":"pagina-inicial","status":"publish","type":"page","link":"https:\/\/lade.ufms.br\/en\/","title":{"rendered":"LADE"},"content":{"rendered":"<h3><strong>Laborat\u00f3rio de An\u00e1lise e Desenvolvimento de Edifica\u00e7\u00f5es &#8211; LADE<\/strong><\/h3>\n<p>O LADE foi criado a partir do conv\u00eanio ECV 943\/2003 firmado entre a Eletrobr\u00e1s e a UFMS, com a finalidade de dar aporte aos cursos de Engenharia Civil e Arquitetura e Urbanismo. Com o lan\u00e7amento do Programa Brasileiro de Etiquetagem de Edifica\u00e7\u00f5es o LADE passou a compor a Rede de Efici\u00eancia Energ\u00e9tica em Edifica\u00e7\u00f5es (R3E) sendo um de seus membros fundadores.<\/p>\n<p>Atualmente desenvolve projetos de inicia\u00e7\u00e3o cient\u00edfica e\u00a0de pesquisa voltados as suas \u00e1reas de interesse e ao Mestrado Profissional em Efici\u00eancia Energ\u00e9tica e Sustentabilidade (PPGEES\/FAENG\/UFMS).<\/p>\n<p>Desde 2011 o LADE est\u00e1 em processo de capacita\u00e7\u00e3o para se tornar \u201cOrganismo de Inspe\u00e7\u00e3o Acreditado\u201d pelo CGCRE\/INMETRO para atuar no PBE Edifica.<\/p>\n","protected":false},"excerpt":{"rendered":"<p>Laborat\u00f3rio de An\u00e1lise e Desenvolvimento de Edifica\u00e7\u00f5es &#8211; LADE O LADE foi criado a partir do conv\u00eanio ECV 943\/2003 firmado entre a Eletrobr\u00e1s e a UFMS, com a finalidade de dar aporte aos cursos de Engenharia Civil e Arquitetura e Urbanismo. Com o lan\u00e7amento do Programa Brasileiro de Etiquetagem de Edifica\u00e7\u00f5es o LADE passou a [&hellip;]<\/p>\n","protected":false},"author":1768,"featured_media":1622,"parent":0,"menu_order":1,"comment_status":"closed","ping_status":"closed","template":"page-templates\/page-coordenadorias.php","meta":{"footnotes":""},"coauthors":[100],"class_list":["post-38","page","type-page","status-publish","has-post-thumbnail","hentry"],"_links":{"self":[{"href":"https:\/\/lade.ufms.br\/en\/wp-json\/wp\/v2\/pages\/38","targetHints":{"allow":["GET"]}}],"collection":[{"href":"https:\/\/lade.ufms.br\/en\/wp-json\/wp\/v2\/pages"}],"about":[{"href":"https:\/\/lade.ufms.br\/en\/wp-json\/wp\/v2\/types\/page"}],"author":[{"embeddable":true,"href":"https:\/\/lade.ufms.br\/en\/wp-json\/wp\/v2\/users\/1768"}],"replies":[{"embeddable":true,"href":"https:\/\/lade.ufms.br\/en\/wp-json\/wp\/v2\/comments?post=38"}],"version-history":[{"count":62,"href":"https:\/\/lade.ufms.br\/en\/wp-json\/wp\/v2\/pages\/38\/revisions"}],"predecessor-version":[{"id":1624,"href":"https:\/\/lade.ufms.br\/en\/wp-json\/wp\/v2\/pages\/38\/revisions\/1624"}],"wp:featuredmedia":[{"embeddable":true,"href":"https:\/\/lade.ufms.br\/en\/wp-json\/wp\/v2\/media\/1622"}],"wp:attachment":[{"href":"https:\/\/lade.ufms.br\/en\/wp-json\/wp\/v2\/media?parent=38"}],"wp:term":[{"taxonomy":"author","embeddable":true,"href":"https:\/\/lade.ufms.br\/en\/wp-json\/wp\/v2\/coauthors?post=38"}],"curies":[{"name":"wp","href":"https:\/\/api.w.org\/{rel}","templated":true}]}}