{"id":1638,"date":"2025-07-31T14:19:47","date_gmt":"2025-07-31T18:19:47","guid":{"rendered":"https:\/\/lade.ufms.br\/?page_id=1638"},"modified":"2025-07-31T14:23:10","modified_gmt":"2025-07-31T18:23:10","slug":"trabalhos-de-conclusao-de-curso","status":"publish","type":"page","link":"https:\/\/lade.ufms.br\/en\/academico\/trabalhos-de-conclusao-de-curso\/","title":{"rendered":"Trabalhos de Conclus\u00e3o de Curso"},"content":{"rendered":"\n<table id=\"tablepress-6\" class=\"tablepress tablepress-id-6\">\n<thead>\n<tr class=\"row-1\">\n\t<th class=\"column-1\">Alunos<\/th><th class=\"column-2\">Orientador<\/th><th class=\"column-3\">T\u00edtulo<\/th><th class=\"column-4\">Ano<\/th><th class=\"column-5\">Institui\u00e7\u00e3o<\/th><th class=\"column-6\">Link<\/th>\n<\/tr>\n<\/thead>\n<tbody class=\"row-striping row-hover\">\n<tr class=\"row-2\">\n\t<td class=\"column-1\">Wagner Augusto Andreasi<\/td><td class=\"column-2\">Roberto Lamberts<\/td><td class=\"column-3\">M\u00e9todo para avalia\u00e7\u00e3o de conforto t\u00e9rmico em regi\u00e3o de clima quente e \u00famido do Brasil<\/td><td class=\"column-4\">2009<\/td><td class=\"column-5\">UFSC<\/td><td class=\"column-6\"><a href=\"https:\/\/lade.ufms.br\/files\/2019\/05\/Tese_Andreasi-WA-2009.pdf\" target=\"_blank\">Tese<\/a><\/td>\n<\/tr>\n<tr class=\"row-3\">\n\t<td class=\"column-1\">Nath\u00e1lya Luciano Buges<\/td><td class=\"column-2\">Wagner Augusto Andreasi<\/td><td class=\"column-3\">Aplicabilidade da etiqueta de edifica\u00e7\u00f5es do programa brasileiro de etiquetagem em Mato Grosso do Sul<\/td><td class=\"column-4\">2014<\/td><td class=\"column-5\">UFMS<\/td><td class=\"column-6\"><a href=\"https:\/\/posgraduacao.ufms.br\/portal\/trabalho-arquivos\/download\/1878\" target=\"_blank\">Disserta\u00e7\u00e3o<\/a><\/td>\n<\/tr>\n<tr class=\"row-4\">\n\t<td class=\"column-1\">Veronica L\u00f3pez<\/td><td class=\"column-2\">Wagner Augusto Andreasi<\/td><td class=\"column-3\">Avalia\u00e7\u00e3o termoenerg\u00e9tica preliminar de edifica\u00e7\u00f5es verticais em Assun\u00e7\u00e3o, capital da Rep\u00fablica do Paraguai<\/td><td class=\"column-4\">2015<\/td><td class=\"column-5\">UFMS<\/td><td class=\"column-6\"><a href=\"https:\/\/posgraduacao.ufms.br\/portal\/trabalho-arquivos\/download\/1881\" target=\"_blank\">Disserta\u00e7\u00e3o<\/a><\/td>\n<\/tr>\n<tr class=\"row-5\">\n\t<td class=\"column-1\">Arthur Santos Silva<\/td><td class=\"column-2\">Enedir Ghisi<\/td><td class=\"column-3\">Desenvolvimento de um m\u00e9todo para avalia\u00e7\u00e3o do desempenho t\u00e9rmico e energ\u00e9tico de edifica\u00e7\u00f5es aplicando an\u00e1lise de incertezas e sensibilidade<\/td><td class=\"column-4\">2016<\/td><td class=\"column-5\">UFSC<\/td><td class=\"column-6\"><a href=\"https:\/\/lade.ufms.br\/files\/2019\/05\/Tese_SILVA-AS-2016.pdf\" target=\"_blank\">Tese<\/a><\/td>\n<\/tr>\n<tr class=\"row-6\">\n\t<td class=\"column-1\">Julia Romero Lucchese<\/td><td class=\"column-2\">Wagner Augusto Andreasi<\/td><td class=\"column-3\">Influ\u00eancia das condi\u00e7\u00f5es microclim\u00e1ticas no conforto e adapta\u00e7\u00e3o t\u00e9rmica: estudo de caso de uma pra\u00e7a p\u00fablica em Campo Grande - MS<\/td><td class=\"column-4\">2016<\/td><td class=\"column-5\">UFMS<\/td><td class=\"column-6\"><a href=\"https:\/\/posgraduacao.ufms.br\/portal\/trabalho-arquivos\/download\/4002\" target=\"_blank\">Disserta\u00e7\u00e3o<\/a><\/td>\n<\/tr>\n<tr class=\"row-7\">\n\t<td class=\"column-1\">Fernando Henrique Fiirst dos Santos Porto<\/td><td class=\"column-2\">Wagner Augusto Andreasi<\/td><td class=\"column-3\">Avalia\u00e7\u00e3o dos requisitos normativos de sistemas de aberturas para o desempenho termoenerg\u00e9tico de HIS<\/td><td class=\"column-4\">2016<\/td><td class=\"column-5\">UFMS<\/td><td class=\"column-6\"><a href=\"https:\/\/posgraduacao.ufms.br\/portal\/trabalho-arquivos\/download\/4003\" target=\"_blank\">Disserta\u00e7\u00e3o<\/a><\/td>\n<\/tr>\n<tr class=\"row-8\">\n\t<td class=\"column-1\">Rejane Martins Viegas de Oliveira<\/td><td class=\"column-2\">Wagner Augusto Andreasi<\/td><td class=\"column-3\">Aceitabilidade e prefer\u00eancia t\u00e9rmica em pra\u00e7a de alimenta\u00e7\u00e3o de hipermercado em regi\u00e3o de clima tropical \u00famido<\/td><td class=\"column-4\">2017<\/td><td class=\"column-5\">UFMS<\/td><td class=\"column-6\"><a href=\"https:\/\/posgraduacao.ufms.br\/portal\/trabalho-arquivos\/download\/4822\" target=\"_blank\">Disserta\u00e7\u00e3o<\/a><\/td>\n<\/tr>\n<tr class=\"row-9\">\n\t<td class=\"column-1\">Larissa Pereira Mikuri<\/td><td class=\"column-2\">Wagner Augusto Andreasi<\/td><td class=\"column-3\">Aplicabilidade da ventila\u00e7\u00e3o natural em uma biblioteca em clima tropical \u00famido<\/td><td class=\"column-4\">2018<\/td><td class=\"column-5\">UFMS<\/td><td class=\"column-6\"><a href=\"https:\/\/posgraduacao.ufms.br\/portal\/trabalho-arquivos\/download\/6136\" target=\"_blank\">Disserta\u00e7\u00e3o<\/a><\/td>\n<\/tr>\n<tr class=\"row-10\">\n\t<td class=\"column-1\">Natacha Viana Seabra de Freitas<\/td><td class=\"column-2\">Wagner Augusto Andreasi<\/td><td class=\"column-3\">Conforto e prefer\u00eancia t\u00e9rmica em salas de aula em clima tropical \u00famido no Brasil<\/td><td class=\"column-4\">2018<\/td><td class=\"column-5\">UFMS<\/td><td class=\"column-6\"><a href=\"https:\/\/posgraduacao.ufms.br\/portal\/trabalho-arquivos\/download\/6138\" target=\"_blank\">Disserta\u00e7\u00e3o<\/a><\/td>\n<\/tr>\n<tr class=\"row-11\">\n\t<td class=\"column-1\">T\u00e1ssio Luiz dos Santos<\/td><td class=\"column-2\">Arthur Santos Silva<\/td><td class=\"column-3\">Proposta de melhoria do m\u00e9todo de simula\u00e7\u00e3o para a avalia\u00e7\u00e3o de desempenho t\u00e9rmico de envolt\u00f3rias de habita\u00e7\u00f5es de interesse social<\/td><td class=\"column-4\">2019<\/td><td class=\"column-5\">UFMS<\/td><td class=\"column-6\"><a href=\"https:\/\/posgraduacao.ufms.br\/portal\/trabalho-arquivos\/download\/7573\" target=\"_blank\">Disserta\u00e7\u00e3o<\/a><\/td>\n<\/tr>\n<tr class=\"row-12\">\n\t<td class=\"column-1\">Franklin Puker de Sousa<\/td><td class=\"column-2\">Arthur Santos Silva<\/td><td class=\"column-3\">Desenvolvimento de um manual para iniciantes em simula\u00e7\u00e3o computacional do desempenho de edif\u00edcios<\/td><td class=\"column-4\">2020<\/td><td class=\"column-5\">UFMS<\/td><td class=\"column-6\"><a href=\"https:\/\/posgraduacao.ufms.br\/portal\/trabalho-arquivos\/download\/8311\" target=\"_blank\">Disserta\u00e7\u00e3o<\/a><\/td>\n<\/tr>\n<tr class=\"row-13\">\n\t<td class=\"column-1\">Grayce Moreira Marques<\/td><td class=\"column-2\">Arthur Santos Silva<\/td><td class=\"column-3\">Otimiza\u00e7\u00e3o multiobjetivo de um projeto de retrofit para melhorar o desempenho t\u00e9rmico e energ\u00e9tico de um edif\u00edcio p\u00fablico<\/td><td class=\"column-4\">2022<\/td><td class=\"column-5\">UFMS<\/td><td class=\"column-6\"><a href=\"https:\/\/posgraduacao.ufms.br\/portal\/trabalho-arquivos\/download\/11191\" target=\"_blank\">Disserta\u00e7\u00e3o<\/a><\/td>\n<\/tr>\n<tr class=\"row-14\">\n\t<td class=\"column-1\">Edmilson Magalh\u00e3es de Deus<\/td><td class=\"column-2\">Arthur Santos Silva<\/td><td class=\"column-3\">OTIMIZA\u00c7\u00c3O MULTIOBJETIVA DO DESEMPENHO TERMOENERG\u00c9TICO DA ENVOLT\u00d3RIA DE CONT\u00caINER PARA USO COMO EDIFICA\u00c7\u00c3O MILITAR<\/td><td class=\"column-4\">2022<\/td><td class=\"column-5\">UFMS<\/td><td class=\"column-6\"><a href=\"https:\/\/posgraduacao.ufms.br\/portal\/trabalho-arquivos\/download\/11339\" target=\"_blank\">Disserta\u00e7\u00e3o<\/a><\/td>\n<\/tr>\n<tr class=\"row-15\">\n\t<td class=\"column-1\">Fernanda Nascimento Lima<\/td><td class=\"column-2\">Arthur Santos Silva<\/td><td class=\"column-3\">An\u00e1lise da ilumina\u00e7\u00e3o natural em ambientes de ensino<\/td><td class=\"column-4\">2023<\/td><td class=\"column-5\">UFMS<\/td><td class=\"column-6\"><a href=\"https:\/\/posgraduacao.ufms.br\/portal\/trabalho-arquivos\/download\/12728\" target=\"_blank\">Disserta\u00e7\u00e3o<\/a><\/td>\n<\/tr>\n<tr class=\"row-16\">\n\t<td class=\"column-1\">Erick Fraiha Machado<\/td><td class=\"column-2\">Arthur Santos Silva<\/td><td class=\"column-3\">PLANO DE RETROFIT DE ENVOLT\u00d3RIA DE EDIFICA\u00c7\u00c3O CORPORATIVA COM AN\u00c1LISE DE CUSTO-BENEF\u00cdCIO EM EFICI\u00caNCIA ENERG\u00c9TICA<\/td><td class=\"column-4\">2023<\/td><td class=\"column-5\">UFMS<\/td><td class=\"column-6\"><a href=\"https:\/\/posgraduacao.ufms.br\/portal\/trabalho-arquivos\/download\/12753\" target=\"_blank\">Disserta\u00e7\u00e3o<\/a><\/td>\n<\/tr>\n<tr class=\"row-17\">\n\t<td class=\"column-1\">Barbara Ludmilla das Neves de Queiroz<\/td><td class=\"column-2\">Arthur Santos Silva<\/td><td class=\"column-3\">An\u00e1lise da ilumina\u00e7\u00e3o natural em ambiente de ensino em rela\u00e7\u00e3o ao conforto visual e ciclo circadiano<\/td><td class=\"column-4\">2024<\/td><td class=\"column-5\">UFMS<\/td><td class=\"column-6\"><a href=\"https:\/\/repositorio.ufms.br\/retrieve\/b8821ee6-441d-49de-b808-c2f19311dbcc\/Disserta%C3%A7%C3%A3o-BarbaraLudmilladasNevesdeQueiroz.pdf\" target=\"_blank\">Disserta\u00e7\u00e3o<\/a><\/td>\n<\/tr>\n<tr class=\"row-18\">\n\t<td class=\"column-1\">Sabrina Lini<\/td><td class=\"column-2\">Arthur Santos Silva<\/td><td class=\"column-3\">Avalia\u00e7\u00e3o p\u00f3s-ocupa\u00e7\u00e3o do Museu de Arqueologia da UFMS: Conforto t\u00e9rmico e preserva\u00e7\u00e3o do acervo<\/td><td class=\"column-4\">2024<\/td><td class=\"column-5\">UFMS<\/td><td class=\"column-6\"><a href=\"https:\/\/repositorio.ufms.br\/bitstream\/123456789\/10973\/1\/Sabrina.pdf\" target=\"_blank\">Disserta\u00e7\u00e3o<\/a><\/td>\n<\/tr>\n<tr class=\"row-19\">\n\t<td class=\"column-1\">Camila Carli da Silva<\/td><td class=\"column-2\">Arthur Santos Silva<\/td><td class=\"column-3\">Simula\u00e7\u00f5es termoenerg\u00e9ticas em brises: An\u00e1lise de otimiza\u00e7\u00e3o multiobjetivo e algoritmos gen\u00e9ticos aplicado em projeto baseado em desempenho<\/td><td class=\"column-4\">2024<\/td><td class=\"column-5\">UFMS<\/td><td class=\"column-6\"><a href=\"https:\/\/repositorio.ufms.br\/retrieve\/cb364598-f9ae-4b3f-aea0-1cde93b71ec6\/Disserta%C3%A7%C3%A3o%20-%20Camila%20Carli%20da%20Silva.pdf\" target=\"_blank\">Disserta\u00e7\u00e3o<\/a><\/td>\n<\/tr>\n<tr class=\"row-20\">\n\t<td class=\"column-1\">T\u00e1ssio Luiz dos Santos<\/td><td class=\"column-2\">Diogo Duarte dos Reis; Arthur Santos Silva (Coorientador)<\/td><td class=\"column-3\">A Influ\u00eancia de Materiais de Mudan\u00e7a de Fase no Desempenho T\u00e9rmico de Edifica\u00e7\u00f5es em Clima Tropical<\/td><td class=\"column-4\">2025<\/td><td class=\"column-5\">UFMS<\/td><td class=\"column-6\"><a href=\"https:\/\/posgraduacao.ufms.br\/portal\/trabalho-arquivos\/download\/14724\" target=\"_blank\">Tese<\/a><\/td>\n<\/tr>\n<\/tbody>\n<\/table>\n\n","protected":false},"excerpt":{"rendered":"","protected":false},"author":1768,"featured_media":0,"parent":1331,"menu_order":0,"comment_status":"closed","ping_status":"closed","template":"","meta":{"footnotes":""},"coauthors":[100],"class_list":["post-1638","page","type-page","status-publish","hentry"],"_links":{"self":[{"href":"https:\/\/lade.ufms.br\/en\/wp-json\/wp\/v2\/pages\/1638","targetHints":{"allow":["GET"]}}],"collection":[{"href":"https:\/\/lade.ufms.br\/en\/wp-json\/wp\/v2\/pages"}],"about":[{"href":"https:\/\/lade.ufms.br\/en\/wp-json\/wp\/v2\/types\/page"}],"author":[{"embeddable":true,"href":"https:\/\/lade.ufms.br\/en\/wp-json\/wp\/v2\/users\/1768"}],"replies":[{"embeddable":true,"href":"https:\/\/lade.ufms.br\/en\/wp-json\/wp\/v2\/comments?post=1638"}],"version-history":[{"count":2,"href":"https:\/\/lade.ufms.br\/en\/wp-json\/wp\/v2\/pages\/1638\/revisions"}],"predecessor-version":[{"id":1640,"href":"https:\/\/lade.ufms.br\/en\/wp-json\/wp\/v2\/pages\/1638\/revisions\/1640"}],"up":[{"embeddable":true,"href":"https:\/\/lade.ufms.br\/en\/wp-json\/wp\/v2\/pages\/1331"}],"wp:attachment":[{"href":"https:\/\/lade.ufms.br\/en\/wp-json\/wp\/v2\/media?parent=1638"}],"wp:term":[{"taxonomy":"author","embeddable":true,"href":"https:\/\/lade.ufms.br\/en\/wp-json\/wp\/v2\/coauthors?post=1638"}],"curies":[{"name":"wp","href":"https:\/\/api.w.org\/{rel}","templated":true}]}}