{"id":1636,"date":"2025-07-31T14:19:05","date_gmt":"2025-07-31T18:19:05","guid":{"rendered":"https:\/\/lade.ufms.br\/?page_id=1636"},"modified":"2025-07-31T14:23:11","modified_gmt":"2025-07-31T18:23:11","slug":"congressos-e-eventos","status":"publish","type":"page","link":"https:\/\/lade.ufms.br\/en\/academico\/congressos-e-eventos\/","title":{"rendered":"Congressos e Eventos"},"content":{"rendered":"\n<table id=\"tablepress-5\" class=\"tablepress tablepress-id-5\">\n<thead>\n<tr class=\"row-1\">\n\t<th class=\"column-1\">Autores<\/th><th class=\"column-2\">T\u00edtulo<\/th><th class=\"column-3\">Ano<\/th><th class=\"column-4\">Evento<\/th><th class=\"column-5\">Link da publica\u00e7\u00e3o<\/th>\n<\/tr>\n<\/thead>\n<tbody class=\"row-striping row-hover\">\n<tr class=\"row-2\">\n\t<td class=\"column-1\">T\u00e1ssio Luiz dos Santos; Carlos Fernandes Da Cunha J\u00fanior; Arthur Santos Silva<\/td><td class=\"column-2\">COMPARA\u00c7\u00c3O ENTRE INDICADORES DE DESEMPENHO E CONFORTO T\u00c9RMICO EM HABITA\u00c7\u00d5ES DE INTERESSE SOCIAL POR SIMULA\u00c7\u00c3O COMPUTACIONAL<\/td><td class=\"column-3\">2019<\/td><td class=\"column-4\">XV ENCAC Encontro Nacional de Conforto no Ambiente Constru\u00eddo\/XI ELACAC Encontro Latino-Americano de Conforto no Ambiente Constru\u00eddo<\/td><td class=\"column-5\"><a href=\"https:\/\/drive.google.com\/file\/d\/1NZgXgUmzTVBpJrXqKM76eFkpQ4nmzdkB\/view\">ENCAC 2019 ANAIS<\/a><\/td>\n<\/tr>\n<tr class=\"row-3\">\n\t<td class=\"column-1\">T\u00e1ssio Luiz dos Santos; Arthur Santos Silva; Diogo Duarte dos Reis<\/td><td class=\"column-2\">An\u00e1lise do desempenho t\u00e9rmico de envolt\u00f3ria com PCM em climas tropicais<\/td><td class=\"column-3\">2023<\/td><td class=\"column-4\">Anais do VII Congresso Latino-Americano de  Simula\u00e7\u00e3o de Edif\u00edcios [livro eletr\u00f4nico] : IBPSA<br \/>\n Latam 2023 \/ organiza\u00e7\u00e3o Ana Paula Melo, Matheus<br \/>\n Soares Geraldi. -- Florian\u00f3polis, SC : Imaginar o<br \/>\n Brasil Editora, 2023.<\/td><td class=\"column-5\"><a href=\"https:\/\/ibpsa.org.br\/misc\/documentos\/proceedingsIBPSALatamFlorianopolis2023\/IBPSA_LATAM_2023_anais.pdf\" target=\"_blank\">IBPSA LATAM 2023<\/a><\/td>\n<\/tr>\n<tr class=\"row-4\">\n\t<td class=\"column-1\"><\/td><td class=\"column-2\"><\/td><td class=\"column-3\"><\/td><td class=\"column-4\"><\/td><td class=\"column-5\"><\/td>\n<\/tr>\n<tr class=\"row-5\">\n\t<td class=\"column-1\"><\/td><td class=\"column-2\"><\/td><td class=\"column-3\"><\/td><td class=\"column-4\"><\/td><td class=\"column-5\"><\/td>\n<\/tr>\n<\/tbody>\n<\/table>\n\n","protected":false},"excerpt":{"rendered":"","protected":false},"author":1768,"featured_media":0,"parent":1331,"menu_order":0,"comment_status":"closed","ping_status":"closed","template":"","meta":{"footnotes":""},"coauthors":[100],"class_list":["post-1636","page","type-page","status-publish","hentry"],"_links":{"self":[{"href":"https:\/\/lade.ufms.br\/en\/wp-json\/wp\/v2\/pages\/1636","targetHints":{"allow":["GET"]}}],"collection":[{"href":"https:\/\/lade.ufms.br\/en\/wp-json\/wp\/v2\/pages"}],"about":[{"href":"https:\/\/lade.ufms.br\/en\/wp-json\/wp\/v2\/types\/page"}],"author":[{"embeddable":true,"href":"https:\/\/lade.ufms.br\/en\/wp-json\/wp\/v2\/users\/1768"}],"replies":[{"embeddable":true,"href":"https:\/\/lade.ufms.br\/en\/wp-json\/wp\/v2\/comments?post=1636"}],"version-history":[{"count":2,"href":"https:\/\/lade.ufms.br\/en\/wp-json\/wp\/v2\/pages\/1636\/revisions"}],"predecessor-version":[{"id":1641,"href":"https:\/\/lade.ufms.br\/en\/wp-json\/wp\/v2\/pages\/1636\/revisions\/1641"}],"up":[{"embeddable":true,"href":"https:\/\/lade.ufms.br\/en\/wp-json\/wp\/v2\/pages\/1331"}],"wp:attachment":[{"href":"https:\/\/lade.ufms.br\/en\/wp-json\/wp\/v2\/media?parent=1636"}],"wp:term":[{"taxonomy":"author","embeddable":true,"href":"https:\/\/lade.ufms.br\/en\/wp-json\/wp\/v2\/coauthors?post=1636"}],"curies":[{"name":"wp","href":"https:\/\/api.w.org\/{rel}","templated":true}]}}