{"id":1634,"date":"2025-07-31T14:18:07","date_gmt":"2025-07-31T18:18:07","guid":{"rendered":"https:\/\/lade.ufms.br\/?page_id=1634"},"modified":"2025-07-31T14:23:11","modified_gmt":"2025-07-31T18:23:11","slug":"artigos-de-periodicos","status":"publish","type":"page","link":"https:\/\/lade.ufms.br\/en\/academico\/artigos-de-periodicos\/","title":{"rendered":"Artigos de peri\u00f3dicos"},"content":{"rendered":"\n<table id=\"tablepress-4\" class=\"tablepress tablepress-id-4\">\n<thead>\n<tr class=\"row-1\">\n\t<th class=\"column-1\">Autores<\/th><th class=\"column-2\">T\u00edtulo<\/th><th class=\"column-3\">Ano<\/th><th class=\"column-4\">Peri\u00f3dico<br \/>\r\n<\/th><th class=\"column-5\">DOI<\/th>\n<\/tr>\n<\/thead>\n<tbody class=\"row-striping row-hover\">\n<tr class=\"row-2\">\n\t<td class=\"column-1\">ANDREASI, W.A.; LAMBERTS, R. C\u00c2NDIDO, C.<\/td><td class=\"column-2\"><a href=\"https:\/\/doi.org\/10.1016\/j.buildenv.2009.11.005\" target=\"_blank\">Thermal acceptability assessment in buildings located in hot and humid regions in Brazil<\/a><\/td><td class=\"column-3\">2010<\/td><td class=\"column-4\"><a href=\"https:\/\/www.sciencedirect.com\/journal\/building-and-environment\" target=\"_blank\">Building and Environment<\/a><\/td><td class=\"column-5\">10.1016\/j.buildenv.2009.11.005<\/td>\n<\/tr>\n<tr class=\"row-3\">\n\t<td class=\"column-1\">T\u00e1ssio Luiz dos Santos; Arthur Santos Silva; Diogo Duarte dos Reis<\/td><td class=\"column-2\"><a href=\"https:\/\/www.mdpi.com\/1996-1073\/17\/20\/5212\" target=\"_blank\">Assessing the Impact of Phase-Change Materials on Enhancing the Thermal Efficiency of Buildings in Tropical Climates<\/a><\/td><td class=\"column-3\">2024<\/td><td class=\"column-4\"><a href=\"https:\/\/www.mdpi.com\/journal\/energies\" target=\"_blank\">Energies<\/a><\/td><td class=\"column-5\">10.3390\/en17205212<\/td>\n<\/tr>\n<tr class=\"row-4\">\n\t<td class=\"column-1\">Franklin Puker de Sousa; T\u00e1ssio Luiz dos Santos; Arthur Santos Silva<\/td><td class=\"column-2\"><a href=\"http:\/\/www.journals.unam.mx\/index.php\/aidis\/article\/view\/75703\" target=\"_blank\">PANORAMA DO USO DE SIMULA\u00c7\u00c3O DO DESEMPENHO DE EDIFICA\u00c7\u00d5ES EM METODOLOGIAS DE ZONEAMENTO CLIM\u00c1TICO<\/a><\/td><td class=\"column-3\">2021<\/td><td class=\"column-4\"><a href=\"https:\/\/www.revistas.unam.mx\/index.php\/aidis\" target=\"_blank\">Revista AIDIS de ingenier\u00eda y ciencias ambientales: Investigaci\u00f3n, desarrollo y pr\u00e1ctica<\/a><\/td><td class=\"column-5\">10.22201\/iingen.0718378xe.2021.14.3.75703<br \/>\n<\/td>\n<\/tr>\n<tr class=\"row-5\">\n\t<td class=\"column-1\">T\u00e1ssio Luiz dos Santos; Fernando Henrique Fiirst dos Santos Porto; Arthur Santos Silva<\/td><td class=\"column-2\"><a href=\"https:\/\/seer.ufrgs.br\/index.php\/ambienteconstruido\/article\/view\/90699\" target=\"_blank\">An\u00e1lise da correla\u00e7\u00e3o entre conforto e desempenho t\u00e9rmico em habita\u00e7\u00f5es de interesse social por simula\u00e7\u00e3o computacional<\/a><\/td><td class=\"column-3\">2020<\/td><td class=\"column-4\"><a href=\"https:\/\/seer.ufrgs.br\/index.php\/ambienteconstruido\" target=\"_blank\">Ambiente Constru\u00eddo<\/a><\/td><td class=\"column-5\">10.1590\/s1678-86212020000200396<\/td>\n<\/tr>\n<\/tbody>\n<\/table>\n\n","protected":false},"excerpt":{"rendered":"","protected":false},"author":1768,"featured_media":0,"parent":1331,"menu_order":0,"comment_status":"closed","ping_status":"closed","template":"","meta":{"footnotes":""},"coauthors":[100],"class_list":["post-1634","page","type-page","status-publish","hentry"],"_links":{"self":[{"href":"https:\/\/lade.ufms.br\/en\/wp-json\/wp\/v2\/pages\/1634","targetHints":{"allow":["GET"]}}],"collection":[{"href":"https:\/\/lade.ufms.br\/en\/wp-json\/wp\/v2\/pages"}],"about":[{"href":"https:\/\/lade.ufms.br\/en\/wp-json\/wp\/v2\/types\/page"}],"author":[{"embeddable":true,"href":"https:\/\/lade.ufms.br\/en\/wp-json\/wp\/v2\/users\/1768"}],"replies":[{"embeddable":true,"href":"https:\/\/lade.ufms.br\/en\/wp-json\/wp\/v2\/comments?post=1634"}],"version-history":[{"count":2,"href":"https:\/\/lade.ufms.br\/en\/wp-json\/wp\/v2\/pages\/1634\/revisions"}],"predecessor-version":[{"id":1642,"href":"https:\/\/lade.ufms.br\/en\/wp-json\/wp\/v2\/pages\/1634\/revisions\/1642"}],"up":[{"embeddable":true,"href":"https:\/\/lade.ufms.br\/en\/wp-json\/wp\/v2\/pages\/1331"}],"wp:attachment":[{"href":"https:\/\/lade.ufms.br\/en\/wp-json\/wp\/v2\/media?parent=1634"}],"wp:term":[{"taxonomy":"author","embeddable":true,"href":"https:\/\/lade.ufms.br\/en\/wp-json\/wp\/v2\/coauthors?post=1634"}],"curies":[{"name":"wp","href":"https:\/\/api.w.org\/{rel}","templated":true}]}}