{"id":1409,"date":"2019-09-25T17:40:09","date_gmt":"2019-09-25T21:40:09","guid":{"rendered":"https:\/\/lade.ufms.br\/?page_id=1409"},"modified":"2025-06-30T07:05:58","modified_gmt":"2025-06-30T11:05:58","slug":"solicitacao-de-equipamentos","status":"publish","type":"page","link":"https:\/\/lade.ufms.br\/en\/solicitacao-de-equipamentos\/","title":{"rendered":"Solicita\u00e7\u00e3o de equipamentos"},"content":{"rendered":"<p>Formularios a serem preenchidos pelos interessados pelo empr\u00e9stimo de equipamentos do laborat\u00f3rio:<\/p>\n<p>&nbsp;<\/p>\n<p style=\"text-align: center\"><span style=\"font-size: 18pt\"><a href=\"https:\/\/drive.google.com\/file\/d\/14bKOXxlhiJ9v7-kaPINjnc5YEnQi-c-K\/view?usp=sharing\" target=\"_blank\" rel=\"noopener\"><strong>Formul\u00e1rio para servidores da UFMS<\/strong><\/a><\/span><\/p>\n<p>&nbsp;<\/p>\n<p>&nbsp;<\/p>\n<p style=\"text-align: center\"><span style=\"font-size: 18pt\"><a href=\"https:\/\/drive.google.com\/file\/d\/1l4H54JKluxmTsSHpVUQwGJMjoR5TPK1X\/view?usp=sharing\" target=\"_blank\" rel=\"noopener\"><strong>Formul\u00e1rio para acad\u00eamicos da UFMS ou usu\u00e1rios externos<\/strong><\/a><\/span><\/p>\n<p>&nbsp;<\/p>\n<p>Aten\u00e7\u00e3o: o usu\u00e1rio dever\u00e1 preencher o formul\u00e1rio e assinar digitalmente (via gob.br ou certificado digital) e enviar para o e-mail <strong>lade.faeng@ufms.br<\/strong><\/p>\n<p>&nbsp;<\/p>\n<hr \/>\n<p>A lista de quipamentos para preenchimento pode ser acessada abaixo:<\/p>\n\n<table id=\"tablepress-1\" class=\"tablepress tablepress-id-1\">\n<thead>\n<tr class=\"row-1\">\n\t<th class=\"column-1\">PATRIM\u00d4NIO<\/th><th class=\"column-2\">DESCRI\u00c7\u00c3O DO EQUIPAMENTO<\/th><th class=\"column-3\">\u00c1REA DE TRABALHO<\/th>\n<\/tr>\n<\/thead>\n<tbody class=\"row-striping row-hover\">\n<tr class=\"row-2\">\n\t<td class=\"column-1\">103969<\/td><td class=\"column-2\">ADAPTADOR USB P\/SERIAL RS-232 - ADAPTADOR USB P\/ SERIAL RS-232 COMPLETO COM SOFTWARE<\/td><td class=\"column-3\">Eletr\u00f4nica<\/td>\n<\/tr>\n<tr class=\"row-3\">\n\t<td class=\"column-1\">Sem patrim\u00f4nio<\/td><td class=\"column-2\">ADAPTADOR USB P\/SERIAL RS-232 - ADAPTADOR USB P\/ SERIAL RS-232 COMPLETO COM SOFTWARE<\/td><td class=\"column-3\">Eletr\u00f4nica<\/td>\n<\/tr>\n<tr class=\"row-4\">\n\t<td class=\"column-1\">89894<\/td><td class=\"column-2\">ANEMOMETRO - MARCA: INSTRUTHERM, MODELO: AD - 250<\/td><td class=\"column-3\">Conforto T\u00e9rmico<\/td>\n<\/tr>\n<tr class=\"row-5\">\n\t<td class=\"column-1\">89893<\/td><td class=\"column-2\">ANEMOMETRO - MARCA: LUTRON, MODELO: LM - 8000<\/td><td class=\"column-3\">Conforto T\u00e9rmico<\/td>\n<\/tr>\n<tr class=\"row-6\">\n\t<td class=\"column-1\">89895<\/td><td class=\"column-2\">ANEMOMETRO - MARCA: LUTRON, MODELO: LM - 8000<\/td><td class=\"column-3\">Conforto T\u00e9rmico<\/td>\n<\/tr>\n<tr class=\"row-7\">\n\t<td class=\"column-1\">89967<\/td><td class=\"column-2\">ANEMOMETRO DE BOLSO<\/td><td class=\"column-3\">Conforto T\u00e9rmico<\/td>\n<\/tr>\n<tr class=\"row-8\">\n\t<td class=\"column-1\">89968<\/td><td class=\"column-2\">ANEMOMETRO DE BOLSO<\/td><td class=\"column-3\">Conforto T\u00e9rmico<\/td>\n<\/tr>\n<tr class=\"row-9\">\n\t<td class=\"column-1\">Sem patrim\u00f4nio<\/td><td class=\"column-2\">ANEM\u00d4METRO IMPAC TAVR 650<\/td><td class=\"column-3\">Conforto T\u00e9rmico<\/td>\n<\/tr>\n<tr class=\"row-10\">\n\t<td class=\"column-1\">Sem patrim\u00f4nio<\/td><td class=\"column-2\">ANEM\u00d4METRO MINIPA MDA-IO<\/td><td class=\"column-3\">Conforto T\u00e9rmico<\/td>\n<\/tr>\n<tr class=\"row-11\">\n\t<td class=\"column-1\">132583<\/td><td class=\"column-2\">APARELHO DE MEDI\u00c7\u00c3O - TRANSDUTOR PARA ANALISE METAB\u00d3LICA MARCA MEDICAL GRAPHICS<\/td><td class=\"column-3\">An\u00e1lise Metab\u00f3lica<\/td>\n<\/tr>\n<tr class=\"row-12\">\n\t<td class=\"column-1\">90162<\/td><td class=\"column-2\">BAROMETRO - ANAL\u00d3GICO, MARCA: SUNDO, MODELO: 91\/4500<\/td><td class=\"column-3\">Altitude<\/td>\n<\/tr>\n<tr class=\"row-13\">\n\t<td class=\"column-1\">95228<\/td><td class=\"column-2\">BOMBA DE AMOSTRA UNIVERSAL<\/td><td class=\"column-3\">An\u00e1lise Ambiental<\/td>\n<\/tr>\n<tr class=\"row-14\">\n\t<td class=\"column-1\">Sem patrim\u00f4nio<\/td><td class=\"column-2\">B\u00daSSOLA CSR (8x)<\/td><td class=\"column-3\">Georreferenciamento<\/td>\n<\/tr>\n<tr class=\"row-15\">\n\t<td class=\"column-1\">90450<\/td><td class=\"column-2\">CAIXA AC\u00daSTICA - AMPLIFICADA, MARCA: STANER, MODELO: EXTREME 800<\/td><td class=\"column-3\">Conforto Ac\u00fastico<\/td>\n<\/tr>\n<tr class=\"row-16\">\n\t<td class=\"column-1\">220941<\/td><td class=\"column-2\">C\u00c2MERA T\u00c9RMICA FLIR 1-60<\/td><td class=\"column-3\">Conforto T\u00e9rmico<\/td>\n<\/tr>\n<tr class=\"row-17\">\n\t<td class=\"column-1\">90534<\/td><td class=\"column-2\">COLOR\u00cdMETRO (CHROMA MATER) MARCA: KONICA MINOLTA, MODELO: CL - 200<\/td><td class=\"column-3\">Conforto Lum\u00ednico<\/td>\n<\/tr>\n<tr class=\"row-18\">\n\t<td class=\"column-1\">Sem patrim\u00f4nio<\/td><td class=\"column-2\">CRON\u00d4METRO (10x)<\/td><td class=\"column-3\">Tempo<\/td>\n<\/tr>\n<tr class=\"row-19\">\n\t<td class=\"column-1\">92514<\/td><td class=\"column-2\">DATA LOGGER - ESTA\u00c7\u00c3O METEOROL\u00d3GICA - MODELO 11400<\/td><td class=\"column-3\">Meteorologia<\/td>\n<\/tr>\n<tr class=\"row-20\">\n\t<td class=\"column-1\">92515<\/td><td class=\"column-2\">DATA LOGGER - ESTA\u00c7\u00c3O METEOROL\u00d3GICA - MODELO 11400<\/td><td class=\"column-3\">Meteorologia<\/td>\n<\/tr>\n<tr class=\"row-21\">\n\t<td class=\"column-1\">90537<\/td><td class=\"column-2\">DATA LOGGER BABUCA - COM 11 ENTRADAS, 256KB DE MEM\u00d3RIA, SOFTWARE EM INGL\u00caS<\/td><td class=\"column-3\">Conforto Ambiental<\/td>\n<\/tr>\n<tr class=\"row-22\">\n\t<td class=\"column-1\">99298<\/td><td class=\"column-2\">DECIBELIMETRO DIGITAL - MARCA: EXTECH, MODELO 407790...<\/td><td class=\"column-3\">Conforto Ac\u00fastico<\/td>\n<\/tr>\n<tr class=\"row-23\">\n\t<td class=\"column-1\">93477<\/td><td class=\"column-2\">DECIBELIMETRO DIGITAL - MODELO 407768<\/td><td class=\"column-3\">Conforto Ac\u00fastico<\/td>\n<\/tr>\n<tr class=\"row-24\">\n\t<td class=\"column-1\">229983<\/td><td class=\"column-2\">DECIBELIMETRO DIGITAL - MODELO AK824 - MARCA AKSO<\/td><td class=\"column-3\">Conforto Ac\u00fastico<\/td>\n<\/tr>\n<tr class=\"row-25\">\n\t<td class=\"column-1\">229984<\/td><td class=\"column-2\">DECIBELIMETRO DIGITAL - MODELO AK824 - MARCA AKSO<\/td><td class=\"column-3\">Conforto Ac\u00fastico<\/td>\n<\/tr>\n<tr class=\"row-26\">\n\t<td class=\"column-1\">229985<\/td><td class=\"column-2\">DECIBELIMETRO DIGITAL - MODELO AK824 - MARCA AKSO<\/td><td class=\"column-3\">Conforto Ac\u00fastico<\/td>\n<\/tr>\n<tr class=\"row-27\">\n\t<td class=\"column-1\">220945<\/td><td class=\"column-2\">ESPECTR\u00d4METRO - PORT\u00c1TIL ALTA II<\/td><td class=\"column-3\">Desempenho de Edifica\u00e7\u00f5es<\/td>\n<\/tr>\n<tr class=\"row-28\">\n\t<td class=\"column-1\">89935<\/td><td class=\"column-2\">GERADOR DE \u00c1UDIO - MODELO GA-IMHZ ANALOGICO<\/td><td class=\"column-3\">Conforto Ac\u00fastico<\/td>\n<\/tr>\n<tr class=\"row-29\">\n\t<td class=\"column-1\">90535<\/td><td class=\"column-2\">LUMIN\u00d4METRO (LUMINANCE METER) MARCA: KONICA MINOLTA, MODELO: LS - 100<\/td><td class=\"column-3\">Conforto Lum\u00ednico<\/td>\n<\/tr>\n<tr class=\"row-30\">\n\t<td class=\"column-1\">220944<\/td><td class=\"column-2\">LUX\u00cdMETRO - MEDIDOR DE ILUMIN\u00c2NCIA KONICA MINOLTA T-10<\/td><td class=\"column-3\">Conforto Lum\u00ednico<\/td>\n<\/tr>\n<tr class=\"row-31\">\n\t<td class=\"column-1\">89863<\/td><td class=\"column-2\">LUX\u00cdMETRO - MODELO: MLM-IOIO - MARCA: MINIPA<\/td><td class=\"column-3\">Conforto Lum\u00ednico<\/td>\n<\/tr>\n<tr class=\"row-32\">\n\t<td class=\"column-1\">89864<\/td><td class=\"column-2\">LUX\u00cdMETRO - MODELO: MLM-IOIO - MARCA: MINIPA<\/td><td class=\"column-3\">Conforto Lum\u00ednico<\/td>\n<\/tr>\n<tr class=\"row-33\">\n\t<td class=\"column-1\">89862<\/td><td class=\"column-2\">LUX\u00cdMETRO - MODELO: MLM-IOIO - MARCA: MINIPA<\/td><td class=\"column-3\">Conforto Lum\u00ednico<\/td>\n<\/tr>\n<tr class=\"row-34\">\n\t<td class=\"column-1\">229992<\/td><td class=\"column-2\">LUX\u00cdMETRO DIGITAL - MODELO CR-8 - MARCA CRIFFER<\/td><td class=\"column-3\">Conforto Lum\u00ednico<\/td>\n<\/tr>\n<tr class=\"row-35\">\n\t<td class=\"column-1\">229993<\/td><td class=\"column-2\">LUX\u00cdMETRO DIGITAL - MODELO CR-8 - MARCA CRIFFER<\/td><td class=\"column-3\">Conforto Lum\u00ednico<\/td>\n<\/tr>\n<tr class=\"row-36\">\n\t<td class=\"column-1\">229994<\/td><td class=\"column-2\">LUX\u00cdMETRO DIGITAL - MODELO CR-8 - MARCA CRIFFER<\/td><td class=\"column-3\">Conforto Lum\u00ednico<\/td>\n<\/tr>\n<tr class=\"row-37\">\n\t<td class=\"column-1\">229995<\/td><td class=\"column-2\">LUX\u00cdMETRO DIGITAL - MODELO CR-8 - MARCA CRIFFER<\/td><td class=\"column-3\">Conforto Lum\u00ednico<\/td>\n<\/tr>\n<tr class=\"row-38\">\n\t<td class=\"column-1\">94526<\/td><td class=\"column-2\">LUX\u00cdMETRO DIGITAL - MODELO MIMI 1333<\/td><td class=\"column-3\">Conforto Lum\u00ednico<\/td>\n<\/tr>\n<tr class=\"row-39\">\n\t<td class=\"column-1\">Sem patrim\u00f4nio<\/td><td class=\"column-2\">LUX\u00cdMETRO KONICAMINOTA<\/td><td class=\"column-3\">Conforto Lum\u00ednico<\/td>\n<\/tr>\n<tr class=\"row-40\">\n\t<td class=\"column-1\">89896<\/td><td class=\"column-2\">M\u00c1QUINA FOTOGR\u00c1FICA DIGITAL - MARCA: SONY, MODELO: DSC-P72 COM CART\u00c3O DE MEM\u00d3RIA...<\/td><td class=\"column-3\">Registro Fotogr\u00e1fico<\/td>\n<\/tr>\n<tr class=\"row-41\">\n\t<td class=\"column-1\">114158<\/td><td class=\"column-2\">MEDIDOR DE CONSUMO - PORT\u00c1TIL, MODELO CEM-1000<\/td><td class=\"column-3\">Energia<\/td>\n<\/tr>\n<tr class=\"row-42\">\n\t<td class=\"column-1\">220946<\/td><td class=\"column-2\">MEDIDOR DE ENERGIA SOLAR<\/td><td class=\"column-3\">Energia Solar<\/td>\n<\/tr>\n<tr class=\"row-43\">\n\t<td class=\"column-1\">89861<\/td><td class=\"column-2\">OSCILOSC\u00d3PIO ANAL\u00d3GICO 20 MHZ, N\u00ba S\u00c9RIE U730263, MODELO: OS-9030, MARCA: UNISOURSE<\/td><td class=\"column-3\">Eletr\u00f4nica<\/td>\n<\/tr>\n<tr class=\"row-44\">\n\t<td class=\"column-1\">89900<\/td><td class=\"column-2\">PIRAN\u00d4METRO SOLAR<\/td><td class=\"column-3\">Energia Solar<\/td>\n<\/tr>\n<tr class=\"row-45\">\n\t<td class=\"column-1\">Sem patrim\u00f4nio<\/td><td class=\"column-2\">PSCICR\u00d4METRO MANUAL (1x)<\/td><td class=\"column-3\">Conforto T\u00e9rmico<\/td>\n<\/tr>\n<tr class=\"row-46\">\n\t<td class=\"column-1\">89891<\/td><td class=\"column-2\">PSICR\u00d4METRO - MARCA: SALCAS, MODELO: 315 - 1C<\/td><td class=\"column-3\">Conforto T\u00e9rmico<\/td>\n<\/tr>\n<tr class=\"row-47\">\n\t<td class=\"column-1\">89892<\/td><td class=\"column-2\">PSICR\u00d4METRO - MARCA: SALCAS, MODELO: 315 - 1C<\/td><td class=\"column-3\">Conforto T\u00e9rmico<\/td>\n<\/tr>\n<tr class=\"row-48\">\n\t<td class=\"column-1\">Sem patrim\u00f4nio<\/td><td class=\"column-2\">SENSOR HOBO - RH; TEMP (12x)<\/td><td class=\"column-3\">Conforto T\u00e9rmico<\/td>\n<\/tr>\n<tr class=\"row-49\">\n\t<td class=\"column-1\">Sem patrim\u00f4nio<\/td><td class=\"column-2\">SENSOR HOBO - RH; TEMP; LIGHT; ETERNAL (13x)<\/td><td class=\"column-3\">Conforto Ambiental<\/td>\n<\/tr>\n<tr class=\"row-50\">\n\t<td class=\"column-1\">Sem patrim\u00f4nio<\/td><td class=\"column-2\">SENSOR HOBO - TEMP (20x)<\/td><td class=\"column-3\">Conforto T\u00e9rmico<\/td>\n<\/tr>\n<tr class=\"row-51\">\n\t<td class=\"column-1\">38891<\/td><td class=\"column-2\">TERM\u00d4METRO DE GLOBO DIGITAL - MODELO TGD-200<\/td><td class=\"column-3\">Conforto T\u00e9rmico<\/td>\n<\/tr>\n<tr class=\"row-52\">\n\t<td class=\"column-1\">90161<\/td><td class=\"column-2\">TERM\u00d4METRO DIGITAL - MARCA: HOMIS, MODELO: TERMO METER<\/td><td class=\"column-3\">Conforto T\u00e9rmico<\/td>\n<\/tr>\n<tr class=\"row-53\">\n\t<td class=\"column-1\">90158<\/td><td class=\"column-2\">TERM\u00d4METRO DIGITAL - MARCA: HOMIS, MODELO: TERMO METER<\/td><td class=\"column-3\">Conforto T\u00e9rmico<\/td>\n<\/tr>\n<tr class=\"row-54\">\n\t<td class=\"column-1\">90160<\/td><td class=\"column-2\">TERM\u00d4METRO DIGITAL - MARCA: HOMIS, MODELO: TERMO METER<\/td><td class=\"column-3\">Conforto T\u00e9rmico<\/td>\n<\/tr>\n<tr class=\"row-55\">\n\t<td class=\"column-1\">90159<\/td><td class=\"column-2\">TERM\u00d4METRO DIGITAL - MARCA: HOMIS, MODELO: TERMO METER<\/td><td class=\"column-3\">Conforto T\u00e9rmico<\/td>\n<\/tr>\n<tr class=\"row-56\">\n\t<td class=\"column-1\">90155<\/td><td class=\"column-2\">TERM\u00d4METRO DIGITAL - MARCA: HOMIS, MODELO: TGM - 100<\/td><td class=\"column-3\">Conforto T\u00e9rmico<\/td>\n<\/tr>\n<tr class=\"row-57\">\n\t<td class=\"column-1\">90156<\/td><td class=\"column-2\">TERM\u00d4METRO DIGITAL - MARCA: HOMIS, MODELO: TGM - 100<\/td><td class=\"column-3\">Conforto T\u00e9rmico<\/td>\n<\/tr>\n<tr class=\"row-58\">\n\t<td class=\"column-1\">89963<\/td><td class=\"column-2\">TERM\u00d4METRO DIGITAL - MODELO T1-750<\/td><td class=\"column-3\">Conforto T\u00e9rmico<\/td>\n<\/tr>\n<tr class=\"row-59\">\n\t<td class=\"column-1\">89964<\/td><td class=\"column-2\">TERM\u00d4METRO DIGITAL - MODELO T1-750<\/td><td class=\"column-3\">Conforto T\u00e9rmico<\/td>\n<\/tr>\n<tr class=\"row-60\">\n\t<td class=\"column-1\">89965<\/td><td class=\"column-2\">TERM\u00d4METRO DIGITAL - MODELO T1-750<\/td><td class=\"column-3\">Conforto T\u00e9rmico<\/td>\n<\/tr>\n<tr class=\"row-61\">\n\t<td class=\"column-1\">89966<\/td><td class=\"column-2\">TERM\u00d4METRO DIGITAL - MODELO T1-750<\/td><td class=\"column-3\">Conforto T\u00e9rmico<\/td>\n<\/tr>\n<\/tbody>\n<\/table>\n\n<p style=\"text-align: center\"><span style=\"font-size: 21px\">\u00a0<\/span><\/p>\n","protected":false},"excerpt":{"rendered":"<p>Formularios a serem preenchidos pelos interessados pelo empr\u00e9stimo de equipamentos do laborat\u00f3rio: &nbsp; Formul\u00e1rio para servidores da UFMS &nbsp; &nbsp; Formul\u00e1rio para acad\u00eamicos da UFMS ou usu\u00e1rios externos &nbsp; Aten\u00e7\u00e3o: o usu\u00e1rio dever\u00e1 preencher o formul\u00e1rio e assinar digitalmente (via gob.br ou certificado digital) e enviar para o e-mail lade.faeng@ufms.br &nbsp; A lista de quipamentos [&hellip;]<\/p>\n","protected":false},"author":1768,"featured_media":0,"parent":0,"menu_order":0,"comment_status":"closed","ping_status":"closed","template":"","meta":{"footnotes":""},"coauthors":[100],"class_list":["post-1409","page","type-page","status-publish","hentry"],"_links":{"self":[{"href":"https:\/\/lade.ufms.br\/en\/wp-json\/wp\/v2\/pages\/1409","targetHints":{"allow":["GET"]}}],"collection":[{"href":"https:\/\/lade.ufms.br\/en\/wp-json\/wp\/v2\/pages"}],"about":[{"href":"https:\/\/lade.ufms.br\/en\/wp-json\/wp\/v2\/types\/page"}],"author":[{"embeddable":true,"href":"https:\/\/lade.ufms.br\/en\/wp-json\/wp\/v2\/users\/1768"}],"replies":[{"embeddable":true,"href":"https:\/\/lade.ufms.br\/en\/wp-json\/wp\/v2\/comments?post=1409"}],"version-history":[{"count":26,"href":"https:\/\/lade.ufms.br\/en\/wp-json\/wp\/v2\/pages\/1409\/revisions"}],"predecessor-version":[{"id":1578,"href":"https:\/\/lade.ufms.br\/en\/wp-json\/wp\/v2\/pages\/1409\/revisions\/1578"}],"wp:attachment":[{"href":"https:\/\/lade.ufms.br\/en\/wp-json\/wp\/v2\/media?parent=1409"}],"wp:term":[{"taxonomy":"author","embeddable":true,"href":"https:\/\/lade.ufms.br\/en\/wp-json\/wp\/v2\/coauthors?post=1409"}],"curies":[{"name":"wp","href":"https:\/\/api.w.org\/{rel}","templated":true}]}}