{"id":1331,"date":"2019-05-08T18:22:27","date_gmt":"2019-05-08T22:22:27","guid":{"rendered":"https:\/\/lade.ufms.br\/?page_id=1331"},"modified":"2025-07-31T14:36:37","modified_gmt":"2025-07-31T18:36:37","slug":"academico","status":"publish","type":"page","link":"https:\/\/lade.ufms.br\/en\/academico\/","title":{"rendered":"Acad\u00eamico"},"content":{"rendered":"<h2><a href=\"https:\/\/lade.ufms.br\/academico\/projetos\/\">Projetos<\/a><\/h2>\n<h2><a href=\"https:\/\/lade.ufms.br\/academico\/publicacoes\/\">Publica\u00e7\u00f5es<\/a><\/h2>\n<h2><a href=\"https:\/\/lade.ufms.br\/solicitacao-de-equipamentos\/\">Solicita\u00e7\u00e3o de equipamentos<\/a><\/h2>\n<p>&nbsp;<\/p>\n","protected":false},"excerpt":{"rendered":"<p>Projetos Publica\u00e7\u00f5es Solicita\u00e7\u00e3o de equipamentos &nbsp;<\/p>\n","protected":false},"author":18957,"featured_media":0,"parent":0,"menu_order":0,"comment_status":"closed","ping_status":"closed","template":"page-templates\/page-coordenadorias.php","meta":{"footnotes":""},"coauthors":[101],"class_list":["post-1331","page","type-page","status-publish","hentry"],"_links":{"self":[{"href":"https:\/\/lade.ufms.br\/en\/wp-json\/wp\/v2\/pages\/1331","targetHints":{"allow":["GET"]}}],"collection":[{"href":"https:\/\/lade.ufms.br\/en\/wp-json\/wp\/v2\/pages"}],"about":[{"href":"https:\/\/lade.ufms.br\/en\/wp-json\/wp\/v2\/types\/page"}],"author":[{"embeddable":true,"href":"https:\/\/lade.ufms.br\/en\/wp-json\/wp\/v2\/users\/18957"}],"replies":[{"embeddable":true,"href":"https:\/\/lade.ufms.br\/en\/wp-json\/wp\/v2\/comments?post=1331"}],"version-history":[{"count":4,"href":"https:\/\/lade.ufms.br\/en\/wp-json\/wp\/v2\/pages\/1331\/revisions"}],"predecessor-version":[{"id":1647,"href":"https:\/\/lade.ufms.br\/en\/wp-json\/wp\/v2\/pages\/1331\/revisions\/1647"}],"wp:attachment":[{"href":"https:\/\/lade.ufms.br\/en\/wp-json\/wp\/v2\/media?parent=1331"}],"wp:term":[{"taxonomy":"author","embeddable":true,"href":"https:\/\/lade.ufms.br\/en\/wp-json\/wp\/v2\/coauthors?post=1331"}],"curies":[{"name":"wp","href":"https:\/\/api.w.org\/{rel}","templated":true}]}}