{"id":1296,"date":"2019-05-07T18:51:08","date_gmt":"2019-05-07T22:51:08","guid":{"rendered":"https:\/\/lade.ufms.br\/?page_id=1296"},"modified":"2019-05-08T18:15:50","modified_gmt":"2019-05-08T22:15:50","slug":"colaboradores","status":"publish","type":"page","link":"https:\/\/lade.ufms.br\/en\/sobre-o-lade\/colaboradores\/","title":{"rendered":"Colaboradores"},"content":{"rendered":"<h3>Coordenador:<\/h3>\n<ul>\n<li>Prof. Arthur Santos Silva, Dr. Eng. Civil<\/li>\n<\/ul>\n<h3>Professores:<\/h3>\n<ul>\n<li>Prof\u00aa. Ana Paula da Silva Milani,\u00a0Dra. Eng. Civil<\/li>\n<li>Prof. Marcio Jos\u00e9 Sorgato, Dr. Eng. Civil<\/li>\n<li>Prof. Sandro Petry Laureano Leme,\u00a0Dr. Eng. Mec\u00e2nica<\/li>\n<\/ul>\n<h3>T\u00e9cnicos-administrativos:<\/h3>\n<ul>\n<li>T\u00e1ssio Luiz dos Santos, Eng. Civil<\/li>\n<li>Jos\u00e9 Pereira Mendes Junior, Me. Eng. Civil<\/li>\n<\/ul>\n<h3>Alunos:<\/h3>\n<ul>\n<li>Carlos Fernandes da Cunha Junior (Inicia\u00e7\u00e3o cient\u00edfica)<\/li>\n<\/ul>\n","protected":false},"excerpt":{"rendered":"<p>Coordenador: Prof. Arthur Santos Silva, Dr. Eng. Civil Professores: Prof\u00aa. Ana Paula da Silva Milani,\u00a0Dra. Eng. Civil Prof. Marcio Jos\u00e9 Sorgato, Dr. Eng. Civil Prof. Sandro Petry Laureano Leme,\u00a0Dr. Eng. Mec\u00e2nica T\u00e9cnicos-administrativos: T\u00e1ssio Luiz dos Santos, Eng. Civil Jos\u00e9 Pereira Mendes Junior, Me. Eng. Civil Alunos: Carlos Fernandes da Cunha Junior (Inicia\u00e7\u00e3o cient\u00edfica)<\/p>\n","protected":false},"author":18957,"featured_media":0,"parent":532,"menu_order":0,"comment_status":"closed","ping_status":"closed","template":"","meta":{"footnotes":""},"coauthors":[],"class_list":["post-1296","page","type-page","status-publish","hentry"],"_links":{"self":[{"href":"https:\/\/lade.ufms.br\/en\/wp-json\/wp\/v2\/pages\/1296","targetHints":{"allow":["GET"]}}],"collection":[{"href":"https:\/\/lade.ufms.br\/en\/wp-json\/wp\/v2\/pages"}],"about":[{"href":"https:\/\/lade.ufms.br\/en\/wp-json\/wp\/v2\/types\/page"}],"author":[{"embeddable":true,"href":"https:\/\/lade.ufms.br\/en\/wp-json\/wp\/v2\/users\/18957"}],"replies":[{"embeddable":true,"href":"https:\/\/lade.ufms.br\/en\/wp-json\/wp\/v2\/comments?post=1296"}],"version-history":[{"count":2,"href":"https:\/\/lade.ufms.br\/en\/wp-json\/wp\/v2\/pages\/1296\/revisions"}],"predecessor-version":[{"id":1536,"href":"https:\/\/lade.ufms.br\/en\/wp-json\/wp\/v2\/pages\/1296\/revisions\/1536"}],"up":[{"embeddable":true,"href":"https:\/\/lade.ufms.br\/en\/wp-json\/wp\/v2\/pages\/532"}],"wp:attachment":[{"href":"https:\/\/lade.ufms.br\/en\/wp-json\/wp\/v2\/media?parent=1296"}],"wp:term":[{"taxonomy":"author","embeddable":true,"href":"https:\/\/lade.ufms.br\/en\/wp-json\/wp\/v2\/coauthors?post=1296"}],"curies":[{"name":"wp","href":"https:\/\/api.w.org\/{rel}","templated":true}]}}