{"id":1293,"date":"2019-05-07T18:46:32","date_gmt":"2019-05-07T22:46:32","guid":{"rendered":"https:\/\/lade.ufms.br\/?page_id=1293"},"modified":"2019-05-07T18:46:32","modified_gmt":"2019-05-07T22:46:32","slug":"areas-de-interesse","status":"publish","type":"page","link":"https:\/\/lade.ufms.br\/en\/sobre-o-lade\/areas-de-interesse\/","title":{"rendered":"\u00c1reas de interesse"},"content":{"rendered":"<h2>Conforto Ambiental<\/h2>\n<p>Desde a antiguidade o homem instintivamente sempre foi exigente com sua satisfa\u00e7\u00e3o t\u00e9rmica, visual e sonora no ambiente constru\u00eddo como no ambiente externo a que estiver inserido. Por conta disso, os mais diversos centros de pesquisa espalhados do mundo t\u00eam-se debru\u00e7ado em pesquisas para o desenvolvimento de materiais, t\u00e9cnicas construtivas bem como equipamentos que permitam o alcance desses objetivos. Enquanto nos pa\u00edses desenvolvidos essa satisfa\u00e7\u00e3o atualmente j\u00e1 pode ser alcan\u00e7ada face a diversidade de op\u00e7\u00f5es j\u00e1 existentes, nos em desenvolvimento as dificuldades s\u00e3o imensas, n\u00e3o s\u00f3 pelas dimens\u00f5es continentais \u2014 caso do Brasil \u2014 mas principalmente pela falta de trabalhos cient\u00edficos que indiquem a industria de forma geral o que deveria ser colocado no mercado consumidor.<\/p>\n<p>Neste entendimento, com o oferecimento dessa disciplina o LADE se prop\u00f5e disponibilizar aos acad\u00eamicos dos cursos de Engenharia Civil, Arquitetura e Urbanismo, Tecn\u00f3logos em Constru\u00e7\u00e3o de Edif\u00edcios, Saneamento Ambiental e aos participantes do Curso de Mestrado Profissional em Efici\u00eancia Energ\u00e9tica e Sustentabilidade os meios necess\u00e1rios para a satisfa\u00e7\u00e3o da sociedade em que estiver inserido.<\/p>\n<hr \/>\n<h2>Desempenho T\u00e9rmico de Edifica\u00e7\u00f5es<\/h2>\n<p>Ainda predominam no Brasil, mesmo que em per\u00edodos relativamente curtos, edifica\u00e7\u00f5es que apresentam temperaturas internas elevadas no ver\u00e3o e\/ou baixas no inverno, acarretando aos seus ocupantes inoportuno desconforto t\u00e9rmico por calor e\/ou por frio. Nestes casos, o que se pode verificar \u00e9 a m\u00e1 ou n\u00e3o utiliza\u00e7\u00e3o das caracter\u00edsticas clim\u00e1ticas locais na fase de projeto da edifica\u00e7\u00e3o, isso por que se considerou por muito tempo que homem pode se adaptar as condi\u00e7\u00f5es ambientais inadequadas, mesmo de forma limitada e por per\u00edodos relativamente curtos de tempo. Assim, apenas em projetos isolados se buscou ambiente confort\u00e1vel e isso, ainda, atrav\u00e9s da utiliza\u00e7\u00e3o de sistemas artificiais de resfriamento e\/ou aquecimento.<\/p>\n<p>Entretanto, frente a situa\u00e7\u00e3o energ\u00e9tica global, outras fontes s\u00e3o pesquisadas e entre elas as naturais. Sabe-se que, por exemplo, em climas predominantemente quentes e \u00famidos e com o sol presente de forma intensa na maior parte do ano a ventila\u00e7\u00e3o natural e \u00e0 sele\u00e7\u00e3o dos materiais de constru\u00e7\u00e3o pode determinar ao ambiente constru\u00eddo solu\u00e7\u00e3o termicamente muito mais confort\u00e1vel. Da mesma forma existem solu\u00e7\u00f5es ou estrat\u00e9gias naturais que podem convenientemente manter aquecido ambientes de edifica\u00e7\u00f5es localizadas em regi\u00f5es de clima frio.<\/p>\n<p>Assim sendo, o LADE se prop\u00f5em viabilizar aos docentes e acad\u00eamicos dos Cursos de Engenharia e Arquitetura e Urbanismo os meios necess\u00e1rios a compreens\u00e3o do desempenho t\u00e9rmico de edifica\u00e7\u00f5es e em particular de seus componentes.<\/p>\n<hr \/>\n<h2>Efici\u00eancia Energ\u00e9tica em Edifica\u00e7\u00f5es<\/h2>\n<p>Com a recupera\u00e7\u00e3o da atividade econ\u00f4mica houve imediato est\u00edmulo ao aumento do consumo de energia el\u00e9trica no Brasil, tanto no setor residencial com a aquisi\u00e7\u00e3o de eletrodom\u00e9sticos como no comercial com constru\u00e7\u00e3o de novos shoppings centers, hipermercados, etc.<\/p>\n<p>Diferentemente do ritmo de crescimento do consumo, a expans\u00e3o da oferta foi lenta, pois enquanto na d\u00e9cada de 70 a expans\u00e3o da capacidade instalada de gera\u00e7\u00e3o alcan\u00e7ou a taxa m\u00e9dia de 11,8% a.a., na d\u00e9cada seguinte foi de 4,1% a.a., e nos anos 90 somente 2,9%. Soma-se ainda o esgotamento do setor p\u00fablico com respeito \u00e0 capacidade de promover investimentos no setor.<\/p>\n<p>Apesar do Governo promover ampla reestrutura\u00e7\u00e3o no setor oportunizando ao capital privado a concess\u00e3o para gera\u00e7\u00e3o, transmiss\u00e3o e distribui\u00e7\u00e3o de energia el\u00e9trica at\u00e9 ent\u00e3o praticamente restrita a empresas p\u00fablicas, n\u00e3o se verificaram os resultados esperados para atender o crescimento da demanda. A contribuir com esse descompasso h\u00e1 que se considerar as in\u00fameras formas de desperd\u00edcios de energia. Dados indicam que em 2000 do total consumido pelo Brasil (300.000 bilh\u00f5es de kWh) 15% ou 45 bilh\u00f5es de kWh dizem respeito somente ao setor comercial que por sua vez desperdi\u00e7a aproximadamente 14% ou 5,3 bilh\u00f5es de kWh, total esse que representa o desperd\u00edcio de 20% de energia el\u00e9trica no Brasil.<\/p>\n<p>Assim sendo, dentre os objetivos do LADE \u00e9 dotar os futuros profissionais de conhecimentos espec\u00edficos voltados ao desenvolvimento de projetos que considerem como objetivo final \u00e0 melhoria da efici\u00eancia energ\u00e9tica das edifica\u00e7\u00f5es.<\/p>\n<hr \/>\n<h2>Programa Brasileiro de Etiquetagem em Edifica\u00e7\u00f5es<\/h2>\n<p>O LADE como Membro Fundador da Rede de Efici\u00eancia Energ\u00e9tica em Edifica\u00e7\u00f5es \u2014 Rede EEE, no \u00e2mbito do Procel EDIFICA est\u00e1 presentemente participando de projeto de capacita\u00e7\u00e3o \u2014 Edital CT-Energ\/MCT\/CNPq N\u00ba 050\/2008 \u2014 cujo objeto \u00e9 apoiar e promover a\u00e7\u00f5es para amplia\u00e7\u00e3o da capacidade laboratorial em tecnologias de uso racional de energia dentro do contexto da Lei de Efici\u00eancia Energ\u00e9tica (Lei 10.295\/2001, de 17 de outubro de 2001).<\/p>\n<p>Desta forma, o LADE pretende participar como laborat\u00f3rio de inspe\u00e7\u00e3o na expedi\u00e7\u00e3o da Etiqueta de Efici\u00eancia Energ\u00e9tica de Edifica\u00e7\u00f5es, conforme contido na Portaria INMETRO N\u00ba 185\/2009 de 22 de junho de 2009. Esse programa, inicialmente de car\u00e1ter volunt\u00e1rio, \u00e9 aplic\u00e1vel a edif\u00edcios com \u00e1rea superior a 500 m\u00b2 ou atendidos por alta tens\u00e3o (grupo tarif\u00e1rio A). Poder\u00e1 ser fornecida uma etiqueta para o edif\u00edcio completo ou para parte dele, sendo parcial quando referente \u00e0 envolt\u00f3ria ou combinado a envolt\u00f3ria com um dos outros dois sistemas \u2014 ilumina\u00e7\u00e3o ou condicionamento de ar. Quanto para o edif\u00edcio completo, o processo dar-se-\u00e1 pela an\u00e1lise dos 3 itens atrav\u00e9s de equa\u00e7\u00e3o que pondera esses sistemas, permitindo-se somar \u00e0 pontua\u00e7\u00e3o final bonifica\u00e7\u00f5es que podem ser adquiridas com inova\u00e7\u00f5es tecnol\u00f3gicas, uso racional de energias renov\u00e1veis, cogera\u00e7\u00e3o ou com a racionaliza\u00e7\u00e3o no consumo de \u00e1gua.<\/p>\n<hr \/>\n<h2>Ventila\u00e7\u00e3o e Ilumina\u00e7\u00e3o Natural<\/h2>\n<p>A necessidade cada vez maior de se economizar energia tem feito com que os profissionais da constru\u00e7\u00e3o civil se capacitem de forma que possam projetar e construir edifica\u00e7\u00f5es cada vez mais energeticamente eficientes.<\/p>\n<p>Nesse sentido, a utiliza\u00e7\u00e3o da ventila\u00e7\u00e3o e ilumina\u00e7\u00e3o natural pode permitir o alcance desse objetivo.<\/p>\n<p>O LADE como agente formador de futuros profissionais se prop\u00f5em pesquisar e propor solu\u00e7\u00f5es \u00e0 comunidade em geral que utilizem essas estrat\u00e9gias como solu\u00e7\u00e3o eficiente.<\/p>\n<hr \/>\n<h2>Simula\u00e7\u00e3o computacional do desempenho de edifica\u00e7\u00f5es<\/h2>\n<p>&nbsp;<\/p>\n<hr \/>\n<h2>Energia solar fotovoltaica<\/h2>\n<p>&nbsp;<\/p>\n<hr \/>\n<p>&nbsp;<\/p>\n","protected":false},"excerpt":{"rendered":"<p>Conforto Ambiental Desde a antiguidade o homem instintivamente sempre foi exigente com sua satisfa\u00e7\u00e3o t\u00e9rmica, visual e sonora no ambiente constru\u00eddo como no ambiente externo a que estiver inserido. Por conta disso, os mais diversos centros de pesquisa espalhados do mundo t\u00eam-se debru\u00e7ado em pesquisas para o desenvolvimento de materiais, t\u00e9cnicas construtivas bem como equipamentos [&hellip;]<\/p>\n","protected":false},"author":18957,"featured_media":0,"parent":532,"menu_order":0,"comment_status":"closed","ping_status":"closed","template":"","meta":{"footnotes":""},"coauthors":[],"class_list":["post-1293","page","type-page","status-publish","hentry"],"_links":{"self":[{"href":"https:\/\/lade.ufms.br\/en\/wp-json\/wp\/v2\/pages\/1293","targetHints":{"allow":["GET"]}}],"collection":[{"href":"https:\/\/lade.ufms.br\/en\/wp-json\/wp\/v2\/pages"}],"about":[{"href":"https:\/\/lade.ufms.br\/en\/wp-json\/wp\/v2\/types\/page"}],"author":[{"embeddable":true,"href":"https:\/\/lade.ufms.br\/en\/wp-json\/wp\/v2\/users\/18957"}],"replies":[{"embeddable":true,"href":"https:\/\/lade.ufms.br\/en\/wp-json\/wp\/v2\/comments?post=1293"}],"version-history":[{"count":1,"href":"https:\/\/lade.ufms.br\/en\/wp-json\/wp\/v2\/pages\/1293\/revisions"}],"predecessor-version":[{"id":1294,"href":"https:\/\/lade.ufms.br\/en\/wp-json\/wp\/v2\/pages\/1293\/revisions\/1294"}],"up":[{"embeddable":true,"href":"https:\/\/lade.ufms.br\/en\/wp-json\/wp\/v2\/pages\/532"}],"wp:attachment":[{"href":"https:\/\/lade.ufms.br\/en\/wp-json\/wp\/v2\/media?parent=1293"}],"wp:term":[{"taxonomy":"author","embeddable":true,"href":"https:\/\/lade.ufms.br\/en\/wp-json\/wp\/v2\/coauthors?post=1293"}],"curies":[{"name":"wp","href":"https:\/\/api.w.org\/{rel}","templated":true}]}}